{"id":57926,"date":"2017-06-10T12:30:28","date_gmt":"2017-06-10T10:30:28","guid":{"rendered":"https:\/\/www.thedigitalnewdeal.org\/?page_id=57926"},"modified":"2021-01-28T11:27:42","modified_gmt":"2021-01-28T10:27:42","slug":"editorial","status":"publish","type":"page","link":"https:\/\/www.thedigitalnewdeal.org\/en\/editorial\/","title":{"rendered":"Editorial"},"content":{"rendered":"<div class=\"wpb-content-wrapper\"><p>[vc_row unlock_row_content=&#8221;yes&#8221; row_height_percent=&#8221;0&#8243; override_padding=&#8221;yes&#8221; h_padding=&#8221;0&#8243; top_padding=&#8221;0&#8243; bottom_padding=&#8221;0&#8243; back_color=&#8221;color-124150&#8243; overlay_alpha=&#8221;50&#8243; gutter_size=&#8221;3&#8243; shift_y=&#8221;0&#8243; row_height_pixel=&#8221;1&#8243;][vc_column column_width_percent=&#8221;100&#8243; position_vertical=&#8221;middle&#8221; align_horizontal=&#8221;align_center&#8221; override_padding=&#8221;yes&#8221; column_padding=&#8221;2&#8243; overlay_alpha=&#8221;50&#8243; gutter_size=&#8221;3&#8243; medium_width=&#8221;0&#8243; mobile_width=&#8221;0&#8243; shift_x=&#8221;0&#8243; shift_y=&#8221;0&#8243; z_index=&#8221;0&#8243; width=&#8221;1\/1&#8243;][uncode_share layout=&#8221;multiple&#8221;][\/vc_column][\/vc_row][vc_row unlock_row_content=&#8221;yes&#8221; row_height_percent=&#8221;0&#8243; override_padding=&#8221;yes&#8221; h_padding=&#8221;0&#8243; top_padding=&#8221;0&#8243; bottom_padding=&#8221;0&#8243; overlay_alpha=&#8221;50&#8243; equal_height=&#8221;yes&#8221; gutter_size=&#8221;0&#8243; shift_y=&#8221;0&#8243;][vc_column column_width_percent=&#8221;100&#8243; override_padding=&#8221;yes&#8221; column_padding=&#8221;3&#8243; overlay_alpha=&#8221;80&#8243; gutter_size=&#8221;3&#8243; medium_width=&#8221;0&#8243; mobile_width=&#8221;0&#8243; shift_x=&#8221;0&#8243; shift_y=&#8221;0&#8243; z_index=&#8221;0&#8243; width=&#8221;1\/4&#8243;][vc_custom_heading heading_semantic=&#8221;h1&#8243; text_size=&#8221;fontsize-155944&#8243; text_space=&#8221;fontspace-111509&#8243; text_font=&#8221;font-762333&#8243; text_color=&#8221;color-159048&#8243;]Editorial[\/vc_custom_heading][vc_separator sep_color=&#8221;color-159048&#8243;][\/vc_column][vc_column column_width_percent=&#8221;100&#8243; override_padding=&#8221;yes&#8221; column_padding=&#8221;4&#8243; overlay_alpha=&#8221;50&#8243; gutter_size=&#8221;3&#8243; medium_width=&#8221;0&#8243; mobile_width=&#8221;0&#8243; shift_x=&#8221;0&#8243; shift_y=&#8221;0&#8243; z_index=&#8221;0&#8243; width=&#8221;3\/4&#8243;][vc_column_text]Faire d\u2019un constat partag\u00e9 des solutions partageables. C\u2019est la ligne directrice de notre engagement au sein de ce que nous avons voulu nommer Digital New Deal Foundation. Cet intitul\u00e9 clarifie d&#8217;embl\u00e9e la mission de notre d\u00e9marche collective. Il traduit l\u2019ampleur d\u2019une t\u00e2che que nous estimons n\u00e9cessaire : replacer la puissance publique au centre de l\u2019\u00e9volution num\u00e9rique afin de la redynamiser. Le caract\u00e8re hautement h\u00e9r\u00e9tique de cette assertion ne nous \u00e9chappe pas. Il ne s\u2019agit pas de centraliser, d\u2019entraver, de paralyser l\u2019\u00e9cosyst\u00e8me num\u00e9rique mais simplement d\u2019affirmer que l\u2019\u00e9tat actuel de la r\u00e9volution num\u00e9rique ne pr\u00e9sage pas d\u2019un futur \u00e9quilibr\u00e9 dans lequel les int\u00e9r\u00eats de chacun seraient respect\u00e9s. C\u2019est ce constat qui nous a rassembl\u00e9s.<\/p>\n<p>Chacun dans notre domaine, \u00e0 notre niveau strat\u00e9gique de responsabilit\u00e9, nous avons pu exp\u00e9rimenter l\u2019irruption, pour ne pas dire la disruption, num\u00e9rique. Cependant, l\u2019enthousiasme initial s\u2019est vite effac\u00e9 devant un processus finalement aussi peu novateur dans son principe qu\u2019il est inqui\u00e9tant par son ampleur : la concentration. La taille et l\u2019accessibilit\u00e9 des march\u00e9s potentiels a permis \u00e0 certains acteurs de se construire des monopoles tr\u00e8s rapidement faisant fi d\u2019un droit encore taill\u00e9 sur des consid\u00e9rations physiques et territoriales. Ce m\u00e9canisme s\u2019auto-entretient. La masse des donn\u00e9es et des liquidit\u00e9s collect\u00e9es assure la permanence du monopole comme la conqu\u00eate de nouveaux march\u00e9s, elle remet \u00e0 ces acteurs dominants les clefs de l\u2019avenir num\u00e9rique de nos soci\u00e9t\u00e9s. Notre objectif premier est donc d\u2019expliquer cela.<\/p>\n<p>A partir de ce constat nous avons, au sein du Conseil d&#8217;administration, tous \u00e9labor\u00e9 quelques pistes de r\u00e9flexion. La Digital New Deal Foundation doit \u00eatre le cadre de formalisation de ces premi\u00e8res id\u00e9es afin d\u2019aboutir \u00e0 des propositions solides et applicables qui serviront autant au d\u00e9bat public qu\u2019\u00e0 l\u2019action politique.<\/p>\n<p>L\u2019id\u00e9e est donc d\u2019expliquer ; la m\u00e9thode, de confronter ; la finalit\u00e9, de proposer ; afin que le citoyen ne soit pas r\u00e9sum\u00e9 au consommateur, qu\u2019il soit consid\u00e9r\u00e9 comme un acteur de la r\u00e9volution num\u00e9rique aux droits et libert\u00e9s garantis par la puissance publique.[\/vc_column_text][\/vc_column][\/vc_row]<\/p>\n<\/div>","protected":false},"excerpt":{"rendered":"<p>[vc_row unlock_row_content=&#8221;yes&#8221; row_height_percent=&#8221;0&#8243; override_padding=&#8221;yes&#8221; h_padding=&#8221;0&#8243; top_padding=&#8221;0&#8243; bottom_padding=&#8221;0&#8243; back_color=&#8221;color-124150&#8243; overlay_alpha=&#8221;50&#8243; gutter_size=&#8221;3&#8243; shift_y=&#8221;0&#8243; row_height_pixel=&#8221;1&#8243;][vc_column column_width_percent=&#8221;100&#8243; position_vertical=&#8221;middle&#8221; align_horizontal=&#8221;align_center&#8221; override_padding=&#8221;yes&#8221; column_padding=&#8221;2&#8243; overlay_alpha=&#8221;50&#8243; gutter_size=&#8221;3&#8243; medium_width=&#8221;0&#8243; [&hellip;]<\/p>\n","protected":false},"author":1,"featured_media":57342,"parent":0,"menu_order":0,"comment_status":"closed","ping_status":"closed","template":"","meta":{"_exactmetrics_skip_tracking":false,"_exactmetrics_sitenote_active":false,"_exactmetrics_sitenote_note":"","_exactmetrics_sitenote_category":0,"footnotes":""},"class_list":["post-57926","page","type-page","status-publish","has-post-thumbnail","hentry"],"yoast_head":"<!-- This site is optimized with the Yoast SEO plugin v27.5 - https:\/\/yoast.com\/product\/yoast-seo-wordpress\/ -->\n<title>Editorial - Digital New Deal<\/title>\n<meta name=\"description\" content=\"Think-tank de la souverainet\u00e9 num\u00e9rique : pour un internet des Lumi\u00e8res, europ\u00e9en et humaniste. Olivier Sichel pr\u00e9sident, Arno Pons d\u00e9l\u00e9gu\u00e9 g\u00e9n\u00e9ral. Do tank de la 3\u00e8me voie num\u00e9rique, alternative aux GAFA et BATX.\" \/>\n<meta name=\"robots\" content=\"index, follow, max-snippet:-1, max-image-preview:large, max-video-preview:-1\" \/>\n<link rel=\"canonical\" href=\"https:\/\/www.thedigitalnewdeal.org\/en\/editorial\/\" \/>\n<meta property=\"og:locale\" content=\"en_US\" \/>\n<meta property=\"og:type\" content=\"article\" \/>\n<meta property=\"og:title\" content=\"Editorial - Digital New Deal\" \/>\n<meta property=\"og:description\" content=\"Think-tank de la souverainet\u00e9 num\u00e9rique : pour un internet des Lumi\u00e8res, europ\u00e9en et humaniste. Olivier Sichel pr\u00e9sident, Arno Pons d\u00e9l\u00e9gu\u00e9 g\u00e9n\u00e9ral. Do tank de la 3\u00e8me voie num\u00e9rique, alternative aux GAFA et BATX.\" \/>\n<meta property=\"og:url\" content=\"https:\/\/www.thedigitalnewdeal.org\/en\/editorial\/\" \/>\n<meta property=\"og:site_name\" content=\"Digital New Deal\" \/>\n<meta property=\"article:modified_time\" content=\"2021-01-28T10:27:42+00:00\" \/>\n<meta property=\"og:image\" content=\"https:\/\/www.thedigitalnewdeal.org\/wp-content\/uploads\/2017\/04\/The-Digital-New-Deal-Foundation-005.jpg\" \/>\n\t<meta property=\"og:image:width\" content=\"3170\" \/>\n\t<meta property=\"og:image:height\" content=\"1783\" \/>\n\t<meta property=\"og:image:type\" content=\"image\/jpeg\" \/>\n<meta name=\"twitter:card\" content=\"summary_large_image\" \/>\n<meta name=\"twitter:site\" content=\"@Digital_NewDeal\" \/>\n<meta name=\"twitter:label1\" content=\"Est. reading time\" \/>\n\t<meta name=\"twitter:data1\" content=\"3 minutes\" \/>\n<script type=\"application\/ld+json\" class=\"yoast-schema-graph\">{\"@context\":\"https:\\\/\\\/schema.org\",\"@graph\":[{\"@type\":\"WebPage\",\"@id\":\"https:\\\/\\\/www.thedigitalnewdeal.org\\\/en\\\/editorial\\\/\",\"url\":\"https:\\\/\\\/www.thedigitalnewdeal.org\\\/en\\\/editorial\\\/\",\"name\":\"Editorial - Digital New Deal\",\"isPartOf\":{\"@id\":\"https:\\\/\\\/www.thedigitalnewdeal.org\\\/en\\\/#website\"},\"primaryImageOfPage\":{\"@id\":\"https:\\\/\\\/www.thedigitalnewdeal.org\\\/en\\\/editorial\\\/#primaryimage\"},\"image\":{\"@id\":\"https:\\\/\\\/www.thedigitalnewdeal.org\\\/en\\\/editorial\\\/#primaryimage\"},\"thumbnailUrl\":\"https:\\\/\\\/www.thedigitalnewdeal.org\\\/wp-content\\\/uploads\\\/2017\\\/04\\\/The-Digital-New-Deal-Foundation-005.jpg\",\"datePublished\":\"2017-06-10T10:30:28+00:00\",\"dateModified\":\"2021-01-28T10:27:42+00:00\",\"description\":\"Think-tank de la souverainet\u00e9 num\u00e9rique : pour un internet des Lumi\u00e8res, europ\u00e9en et humaniste. Olivier Sichel pr\u00e9sident, Arno Pons d\u00e9l\u00e9gu\u00e9 g\u00e9n\u00e9ral. Do tank de la 3\u00e8me voie num\u00e9rique, alternative aux GAFA et BATX.\",\"breadcrumb\":{\"@id\":\"https:\\\/\\\/www.thedigitalnewdeal.org\\\/en\\\/editorial\\\/#breadcrumb\"},\"inLanguage\":\"en-US\",\"potentialAction\":[{\"@type\":\"ReadAction\",\"target\":[\"https:\\\/\\\/www.thedigitalnewdeal.org\\\/en\\\/editorial\\\/\"]}]},{\"@type\":\"ImageObject\",\"inLanguage\":\"en-US\",\"@id\":\"https:\\\/\\\/www.thedigitalnewdeal.org\\\/en\\\/editorial\\\/#primaryimage\",\"url\":\"https:\\\/\\\/www.thedigitalnewdeal.org\\\/wp-content\\\/uploads\\\/2017\\\/04\\\/The-Digital-New-Deal-Foundation-005.jpg\",\"contentUrl\":\"https:\\\/\\\/www.thedigitalnewdeal.org\\\/wp-content\\\/uploads\\\/2017\\\/04\\\/The-Digital-New-Deal-Foundation-005.jpg\",\"width\":3170,\"height\":1783,\"caption\":\"mise en avant\"},{\"@type\":\"BreadcrumbList\",\"@id\":\"https:\\\/\\\/www.thedigitalnewdeal.org\\\/en\\\/editorial\\\/#breadcrumb\",\"itemListElement\":[{\"@type\":\"ListItem\",\"position\":1,\"name\":\"Accueil\",\"item\":\"https:\\\/\\\/www.thedigitalnewdeal.org\\\/en\\\/\"},{\"@type\":\"ListItem\",\"position\":2,\"name\":\"Editorial\"}]},{\"@type\":\"WebSite\",\"@id\":\"https:\\\/\\\/www.thedigitalnewdeal.org\\\/en\\\/#website\",\"url\":\"https:\\\/\\\/www.thedigitalnewdeal.org\\\/en\\\/\",\"name\":\"Digital New Deal\",\"description\":\"Accompagner les changements que la transition num\u00e9rique\",\"publisher\":{\"@id\":\"https:\\\/\\\/www.thedigitalnewdeal.org\\\/en\\\/#organization\"},\"potentialAction\":[{\"@type\":\"SearchAction\",\"target\":{\"@type\":\"EntryPoint\",\"urlTemplate\":\"https:\\\/\\\/www.thedigitalnewdeal.org\\\/en\\\/?s={search_term_string}\"},\"query-input\":{\"@type\":\"PropertyValueSpecification\",\"valueRequired\":true,\"valueName\":\"search_term_string\"}}],\"inLanguage\":\"en-US\"},{\"@type\":\"Organization\",\"@id\":\"https:\\\/\\\/www.thedigitalnewdeal.org\\\/en\\\/#organization\",\"name\":\"The Digital New Deal\",\"url\":\"https:\\\/\\\/www.thedigitalnewdeal.org\\\/en\\\/\",\"logo\":{\"@type\":\"ImageObject\",\"inLanguage\":\"en-US\",\"@id\":\"https:\\\/\\\/www.thedigitalnewdeal.org\\\/en\\\/#\\\/schema\\\/logo\\\/image\\\/\",\"url\":\"https:\\\/\\\/www.thedigitalnewdeal.org\\\/wp-content\\\/uploads\\\/2017\\\/06\\\/Logo-DigitalNewDealFoundation.svg\",\"contentUrl\":\"https:\\\/\\\/www.thedigitalnewdeal.org\\\/wp-content\\\/uploads\\\/2017\\\/06\\\/Logo-DigitalNewDealFoundation.svg\",\"width\":\"300\",\"height\":\"154\",\"caption\":\"The Digital New Deal\"},\"image\":{\"@id\":\"https:\\\/\\\/www.thedigitalnewdeal.org\\\/en\\\/#\\\/schema\\\/logo\\\/image\\\/\"},\"sameAs\":[\"https:\\\/\\\/x.com\\\/Digital_NewDeal\",\"https:\\\/\\\/www.linkedin.com\\\/company-beta\\\/11084756\\\/\"]}]}<\/script>\n<!-- \/ Yoast SEO plugin. -->","yoast_head_json":{"title":"Editorial - Digital New Deal","description":"Think-tank de la souverainet\u00e9 num\u00e9rique : pour un internet des Lumi\u00e8res, europ\u00e9en et humaniste. Olivier Sichel pr\u00e9sident, Arno Pons d\u00e9l\u00e9gu\u00e9 g\u00e9n\u00e9ral. Do tank de la 3\u00e8me voie num\u00e9rique, alternative aux GAFA et BATX.","robots":{"index":"index","follow":"follow","max-snippet":"max-snippet:-1","max-image-preview":"max-image-preview:large","max-video-preview":"max-video-preview:-1"},"canonical":"https:\/\/www.thedigitalnewdeal.org\/en\/editorial\/","og_locale":"en_US","og_type":"article","og_title":"Editorial - Digital New Deal","og_description":"Think-tank de la souverainet\u00e9 num\u00e9rique : pour un internet des Lumi\u00e8res, europ\u00e9en et humaniste. Olivier Sichel pr\u00e9sident, Arno Pons d\u00e9l\u00e9gu\u00e9 g\u00e9n\u00e9ral. Do tank de la 3\u00e8me voie num\u00e9rique, alternative aux GAFA et BATX.","og_url":"https:\/\/www.thedigitalnewdeal.org\/en\/editorial\/","og_site_name":"Digital New Deal","article_modified_time":"2021-01-28T10:27:42+00:00","og_image":[{"width":3170,"height":1783,"url":"https:\/\/www.thedigitalnewdeal.org\/wp-content\/uploads\/2017\/04\/The-Digital-New-Deal-Foundation-005.jpg","type":"image\/jpeg"}],"twitter_card":"summary_large_image","twitter_site":"@Digital_NewDeal","twitter_misc":{"Est. reading time":"3 minutes"},"schema":{"@context":"https:\/\/schema.org","@graph":[{"@type":"WebPage","@id":"https:\/\/www.thedigitalnewdeal.org\/en\/editorial\/","url":"https:\/\/www.thedigitalnewdeal.org\/en\/editorial\/","name":"Editorial - Digital New Deal","isPartOf":{"@id":"https:\/\/www.thedigitalnewdeal.org\/en\/#website"},"primaryImageOfPage":{"@id":"https:\/\/www.thedigitalnewdeal.org\/en\/editorial\/#primaryimage"},"image":{"@id":"https:\/\/www.thedigitalnewdeal.org\/en\/editorial\/#primaryimage"},"thumbnailUrl":"https:\/\/www.thedigitalnewdeal.org\/wp-content\/uploads\/2017\/04\/The-Digital-New-Deal-Foundation-005.jpg","datePublished":"2017-06-10T10:30:28+00:00","dateModified":"2021-01-28T10:27:42+00:00","description":"Think-tank de la souverainet\u00e9 num\u00e9rique : pour un internet des Lumi\u00e8res, europ\u00e9en et humaniste. Olivier Sichel pr\u00e9sident, Arno Pons d\u00e9l\u00e9gu\u00e9 g\u00e9n\u00e9ral. Do tank de la 3\u00e8me voie num\u00e9rique, alternative aux GAFA et BATX.","breadcrumb":{"@id":"https:\/\/www.thedigitalnewdeal.org\/en\/editorial\/#breadcrumb"},"inLanguage":"en-US","potentialAction":[{"@type":"ReadAction","target":["https:\/\/www.thedigitalnewdeal.org\/en\/editorial\/"]}]},{"@type":"ImageObject","inLanguage":"en-US","@id":"https:\/\/www.thedigitalnewdeal.org\/en\/editorial\/#primaryimage","url":"https:\/\/www.thedigitalnewdeal.org\/wp-content\/uploads\/2017\/04\/The-Digital-New-Deal-Foundation-005.jpg","contentUrl":"https:\/\/www.thedigitalnewdeal.org\/wp-content\/uploads\/2017\/04\/The-Digital-New-Deal-Foundation-005.jpg","width":3170,"height":1783,"caption":"mise en avant"},{"@type":"BreadcrumbList","@id":"https:\/\/www.thedigitalnewdeal.org\/en\/editorial\/#breadcrumb","itemListElement":[{"@type":"ListItem","position":1,"name":"Accueil","item":"https:\/\/www.thedigitalnewdeal.org\/en\/"},{"@type":"ListItem","position":2,"name":"Editorial"}]},{"@type":"WebSite","@id":"https:\/\/www.thedigitalnewdeal.org\/en\/#website","url":"https:\/\/www.thedigitalnewdeal.org\/en\/","name":"Digital New Deal","description":"Accompagner les changements que la transition num\u00e9rique","publisher":{"@id":"https:\/\/www.thedigitalnewdeal.org\/en\/#organization"},"potentialAction":[{"@type":"SearchAction","target":{"@type":"EntryPoint","urlTemplate":"https:\/\/www.thedigitalnewdeal.org\/en\/?s={search_term_string}"},"query-input":{"@type":"PropertyValueSpecification","valueRequired":true,"valueName":"search_term_string"}}],"inLanguage":"en-US"},{"@type":"Organization","@id":"https:\/\/www.thedigitalnewdeal.org\/en\/#organization","name":"The Digital New Deal","url":"https:\/\/www.thedigitalnewdeal.org\/en\/","logo":{"@type":"ImageObject","inLanguage":"en-US","@id":"https:\/\/www.thedigitalnewdeal.org\/en\/#\/schema\/logo\/image\/","url":"https:\/\/www.thedigitalnewdeal.org\/wp-content\/uploads\/2017\/06\/Logo-DigitalNewDealFoundation.svg","contentUrl":"https:\/\/www.thedigitalnewdeal.org\/wp-content\/uploads\/2017\/06\/Logo-DigitalNewDealFoundation.svg","width":"300","height":"154","caption":"The Digital New Deal"},"image":{"@id":"https:\/\/www.thedigitalnewdeal.org\/en\/#\/schema\/logo\/image\/"},"sameAs":["https:\/\/x.com\/Digital_NewDeal","https:\/\/www.linkedin.com\/company-beta\/11084756\/"]}]}},"_links":{"self":[{"href":"https:\/\/www.thedigitalnewdeal.org\/en\/wp-json\/wp\/v2\/pages\/57926","targetHints":{"allow":["GET"]}}],"collection":[{"href":"https:\/\/www.thedigitalnewdeal.org\/en\/wp-json\/wp\/v2\/pages"}],"about":[{"href":"https:\/\/www.thedigitalnewdeal.org\/en\/wp-json\/wp\/v2\/types\/page"}],"author":[{"embeddable":true,"href":"https:\/\/www.thedigitalnewdeal.org\/en\/wp-json\/wp\/v2\/users\/1"}],"replies":[{"embeddable":true,"href":"https:\/\/www.thedigitalnewdeal.org\/en\/wp-json\/wp\/v2\/comments?post=57926"}],"version-history":[{"count":9,"href":"https:\/\/www.thedigitalnewdeal.org\/en\/wp-json\/wp\/v2\/pages\/57926\/revisions"}],"predecessor-version":[{"id":61603,"href":"https:\/\/www.thedigitalnewdeal.org\/en\/wp-json\/wp\/v2\/pages\/57926\/revisions\/61603"}],"wp:featuredmedia":[{"embeddable":true,"href":"https:\/\/www.thedigitalnewdeal.org\/en\/wp-json\/wp\/v2\/media\/57342"}],"wp:attachment":[{"href":"https:\/\/www.thedigitalnewdeal.org\/en\/wp-json\/wp\/v2\/media?parent=57926"}],"curies":[{"name":"wp","href":"https:\/\/api.w.org\/{rel}","templated":true}]}}