{"id":57930,"date":"2017-06-10T12:33:40","date_gmt":"2017-06-10T10:33:40","guid":{"rendered":"https:\/\/www.thedigitalnewdeal.org\/?page_id=57930"},"modified":"2021-01-28T11:27:48","modified_gmt":"2021-01-28T10:27:48","slug":"les-enjeux","status":"publish","type":"page","link":"https:\/\/www.thedigitalnewdeal.org\/en\/les-enjeux\/","title":{"rendered":"Enjeux"},"content":{"rendered":"<div class=\"wpb-content-wrapper\"><p>[vc_row unlock_row_content=&#8221;yes&#8221; row_height_percent=&#8221;0&#8243; override_padding=&#8221;yes&#8221; h_padding=&#8221;0&#8243; top_padding=&#8221;0&#8243; bottom_padding=&#8221;0&#8243; back_color=&#8221;color-124150&#8243; overlay_alpha=&#8221;50&#8243; gutter_size=&#8221;3&#8243; shift_y=&#8221;0&#8243; row_height_pixel=&#8221;1&#8243;][vc_column column_width_percent=&#8221;100&#8243; position_vertical=&#8221;middle&#8221; align_horizontal=&#8221;align_center&#8221; override_padding=&#8221;yes&#8221; column_padding=&#8221;2&#8243; overlay_alpha=&#8221;50&#8243; gutter_size=&#8221;3&#8243; medium_width=&#8221;0&#8243; mobile_width=&#8221;0&#8243; shift_x=&#8221;0&#8243; shift_y=&#8221;0&#8243; z_index=&#8221;0&#8243; width=&#8221;1\/1&#8243;][uncode_share layout=&#8221;multiple&#8221;][\/vc_column][\/vc_row][vc_row unlock_row_content=&#8221;yes&#8221; row_height_percent=&#8221;0&#8243; override_padding=&#8221;yes&#8221; h_padding=&#8221;0&#8243; top_padding=&#8221;0&#8243; bottom_padding=&#8221;0&#8243; overlay_alpha=&#8221;50&#8243; equal_height=&#8221;yes&#8221; gutter_size=&#8221;0&#8243; shift_y=&#8221;0&#8243;][vc_column column_width_percent=&#8221;100&#8243; override_padding=&#8221;yes&#8221; column_padding=&#8221;3&#8243; overlay_alpha=&#8221;80&#8243; gutter_size=&#8221;3&#8243; medium_width=&#8221;0&#8243; mobile_width=&#8221;0&#8243; shift_x=&#8221;0&#8243; shift_y=&#8221;0&#8243; z_index=&#8221;0&#8243; width=&#8221;1\/4&#8243;][vc_custom_heading heading_semantic=&#8221;h1&#8243; text_size=&#8221;fontsize-155944&#8243; text_space=&#8221;fontspace-111509&#8243; text_font=&#8221;font-762333&#8243; text_color=&#8221;color-159048&#8243;]Les enjeux[\/vc_custom_heading][vc_separator sep_color=&#8221;color-159048&#8243;][vc_button button_color=&#8221;color-159048&#8243; radius=&#8221;btn-square&#8221; link=&#8221;url:http%3A%2F%2Fwww.thedigitalnewdeal.org%2Fla-fondation%2F|title:La%20fondation||&#8221;]La fondation[\/vc_button][\/vc_column][vc_column column_width_percent=&#8221;100&#8243; override_padding=&#8221;yes&#8221; column_padding=&#8221;4&#8243; overlay_alpha=&#8221;50&#8243; gutter_size=&#8221;3&#8243; medium_width=&#8221;0&#8243; mobile_width=&#8221;0&#8243; shift_x=&#8221;0&#8243; shift_y=&#8221;0&#8243; z_index=&#8221;0&#8243; width=&#8221;3\/4&#8243;][vc_column_text]Le num\u00e9rique a cess\u00e9 de n\u2019\u00eatre qu\u2019un secteur pour devenir une force de transformation de l\u2019ensemble des activit\u00e9s humaines. Les effets d\u2019\u00e9chelle propres \u00e0 l\u2019\u00e9conomie num\u00e9rique favorisant une logique de winner takes all, ce mouvement s\u2019est accompagn\u00e9 de l\u2019\u00e9mergence de grandes entreprises structurantes souvent regroup\u00e9es sous le nom de plateformes, comme pour mieux souligner leur r\u00f4le universellement central dans le r\u00e9am\u00e9nagement de la cha\u00eene de valeur de nombreux secteurs \u00e9conomiques.<\/p>\n<p>Cette recomposition digitale a remis en cause les \u00e9quilibres concurrentiels, \u00e9conomiques et g\u00e9opolitiques mondiaux. Les Etats-Unis b\u00e9n\u00e9ficient d\u2019une h\u00e9g\u00e9monie certaine sur les acteurs de cette transformation, talonn\u00e9s par les grandes zones d\u2019\u00e9mergence que sont l\u2019Asie et l\u2019Am\u00e9rique du Sud. Avec 2 % de la capitalisation mondiale des entreprises num\u00e9riques, l\u2019Europe se retrouve rel\u00e9gu\u00e9e au rang de t\u00e9moin passif de la r\u00e9volution digitale, de simple r\u00e9servoir de consommateurs, de producteurs passifs de donn\u00e9es personnelles, laissant son sort aux mains de plateformes extra-europ\u00e9ennes de dimension mondiale.<\/p>\n<p>Si l\u2019actuelle r\u00e9partition des forces laisse craindre une f\u00e9odalisation \u00e9conomique europ\u00e9enne, elle soul\u00e8ve \u00e9galement d\u2019autres questions auxquelles il est imp\u00e9ratif de r\u00e9pondre si l\u2019on ne veut pas d\u00e9l\u00e9guer l\u2019\u00e9laboration de notre futur num\u00e9rique aux seules plateformes dominantes.<\/p>\n<p>La souverainet\u00e9 des Etats est remise en cause par des entreprises aux services immat\u00e9riels, utopiques au sens litt\u00e9ral du terme, contestant le contr\u00f4le r\u00e9galien classique dans des domaines aussi essentiels que l\u2019imposition, la s\u00e9curit\u00e9 ou encore la cr\u00e9ation mon\u00e9taire.<\/p>\n<p>L\u2019obsolescence du droit positif se fait alors \u00e9vidente : le droit d\u2019auteur, le droit de la propri\u00e9t\u00e9 intellectuelle, le droit des m\u00e9dias se r\u00e9v\u00e8lent subitement inadapt\u00e9s \u00e0 la r\u00e9alit\u00e9 des usages alors que doivent \u00e9merger de nouveaux concepts juridiques comme la neutralit\u00e9 du net ou le droit \u00e0 l\u2019oubli.<\/p>\n<p>Outre l\u2019\u00e9conomie et le droit, la conception m\u00eame que nous nous faisons de nos vies est \u00e0 port\u00e9e de disruption. L\u2019\u00e9thique doit alors \u00eatre convoqu\u00e9e \u00e0 l\u2019examen de l\u2019\u00e9volution du concept de vie priv\u00e9e ou encore face \u00e0 l\u2019alliance du num\u00e9rique et des biotechnologies, dont les pr\u00e9mices laissent augurer des changements des plus profonds.<\/p>\n<p>Face \u00e0 la multiplicit\u00e9 des facettes de la r\u00e9volution num\u00e9rique, l\u2019enjeu est donc simplement de la saisir, d\u2019y participer et non de simplement la subir. Cela impose une analyse extensive des m\u00e9canismes de transformation \u00e0 l\u2019\u0153uvre afin d\u2019\u00e9laborer des pistes de r\u00e9gulation concr\u00e8tes et \u00e9quilibr\u00e9es, qui permettraient une \u00e9volution sereine sans pour autant brider l\u2019innovation.[\/vc_column_text][\/vc_column][\/vc_row]<\/p>\n<\/div>","protected":false},"excerpt":{"rendered":"<p>[vc_row unlock_row_content=&#8221;yes&#8221; row_height_percent=&#8221;0&#8243; override_padding=&#8221;yes&#8221; h_padding=&#8221;0&#8243; top_padding=&#8221;0&#8243; bottom_padding=&#8221;0&#8243; back_color=&#8221;color-124150&#8243; overlay_alpha=&#8221;50&#8243; gutter_size=&#8221;3&#8243; shift_y=&#8221;0&#8243; row_height_pixel=&#8221;1&#8243;][vc_column column_width_percent=&#8221;100&#8243; position_vertical=&#8221;middle&#8221; align_horizontal=&#8221;align_center&#8221; override_padding=&#8221;yes&#8221; column_padding=&#8221;2&#8243; overlay_alpha=&#8221;50&#8243; gutter_size=&#8221;3&#8243; medium_width=&#8221;0&#8243; [&hellip;]<\/p>\n","protected":false},"author":1,"featured_media":57342,"parent":0,"menu_order":0,"comment_status":"closed","ping_status":"closed","template":"","meta":{"_exactmetrics_skip_tracking":false,"_exactmetrics_sitenote_active":false,"_exactmetrics_sitenote_note":"","_exactmetrics_sitenote_category":0,"footnotes":""},"class_list":["post-57930","page","type-page","status-publish","has-post-thumbnail","hentry"],"yoast_head":"<!-- This site is optimized with the Yoast SEO plugin v27.4 - https:\/\/yoast.com\/product\/yoast-seo-wordpress\/ -->\n<title>Enjeux - Digital New Deal<\/title>\n<meta name=\"description\" content=\"Think-tank de la souverainet\u00e9 num\u00e9rique : pour un internet des Lumi\u00e8res, europ\u00e9en et humaniste. Olivier Sichel pr\u00e9sident, Arno Pons d\u00e9l\u00e9gu\u00e9 g\u00e9n\u00e9ral. Do tank de la 3\u00e8me voie num\u00e9rique, alternative aux GAFA et BATX.\" \/>\n<meta name=\"robots\" content=\"index, follow, max-snippet:-1, max-image-preview:large, max-video-preview:-1\" \/>\n<link rel=\"canonical\" href=\"https:\/\/www.thedigitalnewdeal.org\/en\/les-enjeux\/\" \/>\n<meta property=\"og:locale\" content=\"en_US\" \/>\n<meta property=\"og:type\" content=\"article\" \/>\n<meta property=\"og:title\" content=\"Enjeux - Digital New Deal\" \/>\n<meta property=\"og:description\" content=\"Think-tank de la souverainet\u00e9 num\u00e9rique : pour un internet des Lumi\u00e8res, europ\u00e9en et humaniste. Olivier Sichel pr\u00e9sident, Arno Pons d\u00e9l\u00e9gu\u00e9 g\u00e9n\u00e9ral. Do tank de la 3\u00e8me voie num\u00e9rique, alternative aux GAFA et BATX.\" \/>\n<meta property=\"og:url\" content=\"https:\/\/www.thedigitalnewdeal.org\/en\/les-enjeux\/\" \/>\n<meta property=\"og:site_name\" content=\"Digital New Deal\" \/>\n<meta property=\"article:modified_time\" content=\"2021-01-28T10:27:48+00:00\" \/>\n<meta property=\"og:image\" content=\"https:\/\/www.thedigitalnewdeal.org\/wp-content\/uploads\/2017\/04\/The-Digital-New-Deal-Foundation-005.jpg\" \/>\n\t<meta property=\"og:image:width\" content=\"3170\" \/>\n\t<meta property=\"og:image:height\" content=\"1783\" \/>\n\t<meta property=\"og:image:type\" content=\"image\/jpeg\" \/>\n<meta name=\"twitter:card\" content=\"summary_large_image\" \/>\n<meta name=\"twitter:site\" content=\"@Digital_NewDeal\" \/>\n<meta name=\"twitter:label1\" content=\"Est. reading time\" \/>\n\t<meta name=\"twitter:data1\" content=\"3 minutes\" \/>\n<script type=\"application\/ld+json\" class=\"yoast-schema-graph\">{\"@context\":\"https:\\\/\\\/schema.org\",\"@graph\":[{\"@type\":\"WebPage\",\"@id\":\"https:\\\/\\\/www.thedigitalnewdeal.org\\\/en\\\/les-enjeux\\\/\",\"url\":\"https:\\\/\\\/www.thedigitalnewdeal.org\\\/en\\\/les-enjeux\\\/\",\"name\":\"Enjeux - Digital New Deal\",\"isPartOf\":{\"@id\":\"https:\\\/\\\/www.thedigitalnewdeal.org\\\/en\\\/#website\"},\"primaryImageOfPage\":{\"@id\":\"https:\\\/\\\/www.thedigitalnewdeal.org\\\/en\\\/les-enjeux\\\/#primaryimage\"},\"image\":{\"@id\":\"https:\\\/\\\/www.thedigitalnewdeal.org\\\/en\\\/les-enjeux\\\/#primaryimage\"},\"thumbnailUrl\":\"https:\\\/\\\/www.thedigitalnewdeal.org\\\/wp-content\\\/uploads\\\/2017\\\/04\\\/The-Digital-New-Deal-Foundation-005.jpg\",\"datePublished\":\"2017-06-10T10:33:40+00:00\",\"dateModified\":\"2021-01-28T10:27:48+00:00\",\"description\":\"Think-tank de la souverainet\u00e9 num\u00e9rique : pour un internet des Lumi\u00e8res, europ\u00e9en et humaniste. Olivier Sichel pr\u00e9sident, Arno Pons d\u00e9l\u00e9gu\u00e9 g\u00e9n\u00e9ral. Do tank de la 3\u00e8me voie num\u00e9rique, alternative aux GAFA et BATX.\",\"breadcrumb\":{\"@id\":\"https:\\\/\\\/www.thedigitalnewdeal.org\\\/en\\\/les-enjeux\\\/#breadcrumb\"},\"inLanguage\":\"en-US\",\"potentialAction\":[{\"@type\":\"ReadAction\",\"target\":[\"https:\\\/\\\/www.thedigitalnewdeal.org\\\/en\\\/les-enjeux\\\/\"]}]},{\"@type\":\"ImageObject\",\"inLanguage\":\"en-US\",\"@id\":\"https:\\\/\\\/www.thedigitalnewdeal.org\\\/en\\\/les-enjeux\\\/#primaryimage\",\"url\":\"https:\\\/\\\/www.thedigitalnewdeal.org\\\/wp-content\\\/uploads\\\/2017\\\/04\\\/The-Digital-New-Deal-Foundation-005.jpg\",\"contentUrl\":\"https:\\\/\\\/www.thedigitalnewdeal.org\\\/wp-content\\\/uploads\\\/2017\\\/04\\\/The-Digital-New-Deal-Foundation-005.jpg\",\"width\":3170,\"height\":1783,\"caption\":\"mise en avant\"},{\"@type\":\"BreadcrumbList\",\"@id\":\"https:\\\/\\\/www.thedigitalnewdeal.org\\\/en\\\/les-enjeux\\\/#breadcrumb\",\"itemListElement\":[{\"@type\":\"ListItem\",\"position\":1,\"name\":\"Accueil\",\"item\":\"https:\\\/\\\/www.thedigitalnewdeal.org\\\/en\\\/\"},{\"@type\":\"ListItem\",\"position\":2,\"name\":\"Enjeux\"}]},{\"@type\":\"WebSite\",\"@id\":\"https:\\\/\\\/www.thedigitalnewdeal.org\\\/en\\\/#website\",\"url\":\"https:\\\/\\\/www.thedigitalnewdeal.org\\\/en\\\/\",\"name\":\"Digital New Deal\",\"description\":\"Accompagner les changements que la transition num\u00e9rique\",\"publisher\":{\"@id\":\"https:\\\/\\\/www.thedigitalnewdeal.org\\\/en\\\/#organization\"},\"potentialAction\":[{\"@type\":\"SearchAction\",\"target\":{\"@type\":\"EntryPoint\",\"urlTemplate\":\"https:\\\/\\\/www.thedigitalnewdeal.org\\\/en\\\/?s={search_term_string}\"},\"query-input\":{\"@type\":\"PropertyValueSpecification\",\"valueRequired\":true,\"valueName\":\"search_term_string\"}}],\"inLanguage\":\"en-US\"},{\"@type\":\"Organization\",\"@id\":\"https:\\\/\\\/www.thedigitalnewdeal.org\\\/en\\\/#organization\",\"name\":\"The Digital New Deal\",\"url\":\"https:\\\/\\\/www.thedigitalnewdeal.org\\\/en\\\/\",\"logo\":{\"@type\":\"ImageObject\",\"inLanguage\":\"en-US\",\"@id\":\"https:\\\/\\\/www.thedigitalnewdeal.org\\\/en\\\/#\\\/schema\\\/logo\\\/image\\\/\",\"url\":\"https:\\\/\\\/www.thedigitalnewdeal.org\\\/wp-content\\\/uploads\\\/2017\\\/06\\\/Logo-DigitalNewDealFoundation.svg\",\"contentUrl\":\"https:\\\/\\\/www.thedigitalnewdeal.org\\\/wp-content\\\/uploads\\\/2017\\\/06\\\/Logo-DigitalNewDealFoundation.svg\",\"width\":\"300\",\"height\":\"154\",\"caption\":\"The Digital New Deal\"},\"image\":{\"@id\":\"https:\\\/\\\/www.thedigitalnewdeal.org\\\/en\\\/#\\\/schema\\\/logo\\\/image\\\/\"},\"sameAs\":[\"https:\\\/\\\/x.com\\\/Digital_NewDeal\",\"https:\\\/\\\/www.linkedin.com\\\/company-beta\\\/11084756\\\/\"]}]}<\/script>\n<!-- \/ Yoast SEO plugin. -->","yoast_head_json":{"title":"Enjeux - Digital New Deal","description":"Think-tank de la souverainet\u00e9 num\u00e9rique : pour un internet des Lumi\u00e8res, europ\u00e9en et humaniste. Olivier Sichel pr\u00e9sident, Arno Pons d\u00e9l\u00e9gu\u00e9 g\u00e9n\u00e9ral. Do tank de la 3\u00e8me voie num\u00e9rique, alternative aux GAFA et BATX.","robots":{"index":"index","follow":"follow","max-snippet":"max-snippet:-1","max-image-preview":"max-image-preview:large","max-video-preview":"max-video-preview:-1"},"canonical":"https:\/\/www.thedigitalnewdeal.org\/en\/les-enjeux\/","og_locale":"en_US","og_type":"article","og_title":"Enjeux - Digital New Deal","og_description":"Think-tank de la souverainet\u00e9 num\u00e9rique : pour un internet des Lumi\u00e8res, europ\u00e9en et humaniste. Olivier Sichel pr\u00e9sident, Arno Pons d\u00e9l\u00e9gu\u00e9 g\u00e9n\u00e9ral. Do tank de la 3\u00e8me voie num\u00e9rique, alternative aux GAFA et BATX.","og_url":"https:\/\/www.thedigitalnewdeal.org\/en\/les-enjeux\/","og_site_name":"Digital New Deal","article_modified_time":"2021-01-28T10:27:48+00:00","og_image":[{"width":3170,"height":1783,"url":"https:\/\/www.thedigitalnewdeal.org\/wp-content\/uploads\/2017\/04\/The-Digital-New-Deal-Foundation-005.jpg","type":"image\/jpeg"}],"twitter_card":"summary_large_image","twitter_site":"@Digital_NewDeal","twitter_misc":{"Est. reading time":"3 minutes"},"schema":{"@context":"https:\/\/schema.org","@graph":[{"@type":"WebPage","@id":"https:\/\/www.thedigitalnewdeal.org\/en\/les-enjeux\/","url":"https:\/\/www.thedigitalnewdeal.org\/en\/les-enjeux\/","name":"Enjeux - Digital New Deal","isPartOf":{"@id":"https:\/\/www.thedigitalnewdeal.org\/en\/#website"},"primaryImageOfPage":{"@id":"https:\/\/www.thedigitalnewdeal.org\/en\/les-enjeux\/#primaryimage"},"image":{"@id":"https:\/\/www.thedigitalnewdeal.org\/en\/les-enjeux\/#primaryimage"},"thumbnailUrl":"https:\/\/www.thedigitalnewdeal.org\/wp-content\/uploads\/2017\/04\/The-Digital-New-Deal-Foundation-005.jpg","datePublished":"2017-06-10T10:33:40+00:00","dateModified":"2021-01-28T10:27:48+00:00","description":"Think-tank de la souverainet\u00e9 num\u00e9rique : pour un internet des Lumi\u00e8res, europ\u00e9en et humaniste. Olivier Sichel pr\u00e9sident, Arno Pons d\u00e9l\u00e9gu\u00e9 g\u00e9n\u00e9ral. Do tank de la 3\u00e8me voie num\u00e9rique, alternative aux GAFA et BATX.","breadcrumb":{"@id":"https:\/\/www.thedigitalnewdeal.org\/en\/les-enjeux\/#breadcrumb"},"inLanguage":"en-US","potentialAction":[{"@type":"ReadAction","target":["https:\/\/www.thedigitalnewdeal.org\/en\/les-enjeux\/"]}]},{"@type":"ImageObject","inLanguage":"en-US","@id":"https:\/\/www.thedigitalnewdeal.org\/en\/les-enjeux\/#primaryimage","url":"https:\/\/www.thedigitalnewdeal.org\/wp-content\/uploads\/2017\/04\/The-Digital-New-Deal-Foundation-005.jpg","contentUrl":"https:\/\/www.thedigitalnewdeal.org\/wp-content\/uploads\/2017\/04\/The-Digital-New-Deal-Foundation-005.jpg","width":3170,"height":1783,"caption":"mise en avant"},{"@type":"BreadcrumbList","@id":"https:\/\/www.thedigitalnewdeal.org\/en\/les-enjeux\/#breadcrumb","itemListElement":[{"@type":"ListItem","position":1,"name":"Accueil","item":"https:\/\/www.thedigitalnewdeal.org\/en\/"},{"@type":"ListItem","position":2,"name":"Enjeux"}]},{"@type":"WebSite","@id":"https:\/\/www.thedigitalnewdeal.org\/en\/#website","url":"https:\/\/www.thedigitalnewdeal.org\/en\/","name":"Digital New Deal","description":"Accompagner les changements que la transition num\u00e9rique","publisher":{"@id":"https:\/\/www.thedigitalnewdeal.org\/en\/#organization"},"potentialAction":[{"@type":"SearchAction","target":{"@type":"EntryPoint","urlTemplate":"https:\/\/www.thedigitalnewdeal.org\/en\/?s={search_term_string}"},"query-input":{"@type":"PropertyValueSpecification","valueRequired":true,"valueName":"search_term_string"}}],"inLanguage":"en-US"},{"@type":"Organization","@id":"https:\/\/www.thedigitalnewdeal.org\/en\/#organization","name":"The Digital New Deal","url":"https:\/\/www.thedigitalnewdeal.org\/en\/","logo":{"@type":"ImageObject","inLanguage":"en-US","@id":"https:\/\/www.thedigitalnewdeal.org\/en\/#\/schema\/logo\/image\/","url":"https:\/\/www.thedigitalnewdeal.org\/wp-content\/uploads\/2017\/06\/Logo-DigitalNewDealFoundation.svg","contentUrl":"https:\/\/www.thedigitalnewdeal.org\/wp-content\/uploads\/2017\/06\/Logo-DigitalNewDealFoundation.svg","width":"300","height":"154","caption":"The Digital New Deal"},"image":{"@id":"https:\/\/www.thedigitalnewdeal.org\/en\/#\/schema\/logo\/image\/"},"sameAs":["https:\/\/x.com\/Digital_NewDeal","https:\/\/www.linkedin.com\/company-beta\/11084756\/"]}]}},"_links":{"self":[{"href":"https:\/\/www.thedigitalnewdeal.org\/en\/wp-json\/wp\/v2\/pages\/57930","targetHints":{"allow":["GET"]}}],"collection":[{"href":"https:\/\/www.thedigitalnewdeal.org\/en\/wp-json\/wp\/v2\/pages"}],"about":[{"href":"https:\/\/www.thedigitalnewdeal.org\/en\/wp-json\/wp\/v2\/types\/page"}],"author":[{"embeddable":true,"href":"https:\/\/www.thedigitalnewdeal.org\/en\/wp-json\/wp\/v2\/users\/1"}],"replies":[{"embeddable":true,"href":"https:\/\/www.thedigitalnewdeal.org\/en\/wp-json\/wp\/v2\/comments?post=57930"}],"version-history":[{"count":6,"href":"https:\/\/www.thedigitalnewdeal.org\/en\/wp-json\/wp\/v2\/pages\/57930\/revisions"}],"predecessor-version":[{"id":61604,"href":"https:\/\/www.thedigitalnewdeal.org\/en\/wp-json\/wp\/v2\/pages\/57930\/revisions\/61604"}],"wp:featuredmedia":[{"embeddable":true,"href":"https:\/\/www.thedigitalnewdeal.org\/en\/wp-json\/wp\/v2\/media\/57342"}],"wp:attachment":[{"href":"https:\/\/www.thedigitalnewdeal.org\/en\/wp-json\/wp\/v2\/media?parent=57930"}],"curies":[{"name":"wp","href":"https:\/\/api.w.org\/{rel}","templated":true}]}}