{"id":57951,"date":"2017-06-10T14:10:53","date_gmt":"2017-06-10T12:10:53","guid":{"rendered":"https:\/\/www.thedigitalnewdeal.org\/?page_id=57951"},"modified":"2021-01-28T11:30:16","modified_gmt":"2021-01-28T10:30:16","slug":"les-objectifs","status":"publish","type":"page","link":"https:\/\/www.thedigitalnewdeal.org\/en\/les-objectifs\/","title":{"rendered":"Objectifs"},"content":{"rendered":"<div class=\"wpb-content-wrapper\"><p>[vc_row unlock_row_content=&#8221;yes&#8221; row_height_percent=&#8221;0&#8243; override_padding=&#8221;yes&#8221; h_padding=&#8221;0&#8243; top_padding=&#8221;0&#8243; bottom_padding=&#8221;0&#8243; back_color=&#8221;color-124150&#8243; overlay_alpha=&#8221;50&#8243; gutter_size=&#8221;3&#8243; shift_y=&#8221;0&#8243; row_height_pixel=&#8221;1&#8243;][vc_column column_width_percent=&#8221;100&#8243; position_vertical=&#8221;middle&#8221; align_horizontal=&#8221;align_center&#8221; override_padding=&#8221;yes&#8221; column_padding=&#8221;2&#8243; overlay_alpha=&#8221;50&#8243; gutter_size=&#8221;3&#8243; medium_width=&#8221;0&#8243; mobile_width=&#8221;0&#8243; shift_x=&#8221;0&#8243; shift_y=&#8221;0&#8243; z_index=&#8221;0&#8243; width=&#8221;1\/1&#8243;][uncode_share layout=&#8221;multiple&#8221;][\/vc_column][\/vc_row][vc_row unlock_row_content=&#8221;yes&#8221; row_height_percent=&#8221;0&#8243; override_padding=&#8221;yes&#8221; h_padding=&#8221;0&#8243; top_padding=&#8221;0&#8243; bottom_padding=&#8221;0&#8243; overlay_alpha=&#8221;50&#8243; equal_height=&#8221;yes&#8221; gutter_size=&#8221;0&#8243; shift_y=&#8221;0&#8243;][vc_column column_width_percent=&#8221;100&#8243; override_padding=&#8221;yes&#8221; column_padding=&#8221;3&#8243; overlay_alpha=&#8221;80&#8243; gutter_size=&#8221;3&#8243; medium_width=&#8221;0&#8243; mobile_width=&#8221;0&#8243; shift_x=&#8221;0&#8243; shift_y=&#8221;0&#8243; z_index=&#8221;0&#8243; width=&#8221;1\/4&#8243;][vc_custom_heading heading_semantic=&#8221;h1&#8243; text_size=&#8221;fontsize-155944&#8243; text_space=&#8221;fontspace-111509&#8243; text_font=&#8221;font-762333&#8243; text_color=&#8221;color-159048&#8243;]Objectifs[\/vc_custom_heading][vc_separator sep_color=&#8221;color-159048&#8243;][vc_button button_color=&#8221;color-159048&#8243; radius=&#8221;btn-square&#8221; link=&#8221;url:http%3A%2F%2Fwww.thedigitalnewdeal.org%2Fla-fondation%2F|title:La%20fondation||&#8221;]La fondation[\/vc_button][\/vc_column][vc_column column_width_percent=&#8221;100&#8243; override_padding=&#8221;yes&#8221; column_padding=&#8221;4&#8243; overlay_alpha=&#8221;50&#8243; gutter_size=&#8221;3&#8243; medium_width=&#8221;0&#8243; mobile_width=&#8221;0&#8243; shift_x=&#8221;0&#8243; shift_y=&#8221;0&#8243; z_index=&#8221;0&#8243; width=&#8221;3\/4&#8243;][vc_column_text]La Digital New Deal Foundation a pour vocation d\u2019\u00e9clairer de la mani\u00e8re la plus compl\u00e8te possible les \u00e9volutions \u00e0 l\u2019\u0153uvre au sein du ph\u00e9nom\u00e8ne de \u00ab\u00a0digitalisation\u00a0\u00bb, dans l\u2019acception la plus large du mot, et d\u2019\u00e9laborer des pistes d\u2019actions concr\u00e8tes \u00e0 destination des entreprises et des d\u00e9cideurs publics fran\u00e7ais et europ\u00e9ens.<\/p>\n<p>Port\u00e9s par l\u2019expertise de leurs r\u00e9dacteurs et leur insertion dans le d\u00e9bat public, les travaux de la Fondation pourront participer \u00e0 l\u2019\u00e9laboration d\u2019une pens\u00e9e fran\u00e7aise et europ\u00e9enne de la r\u00e9gulation digitale au service de la mise en place d\u2019un cadre \u00e9quilibr\u00e9 et durable.<\/p>\n<p>[\/vc_column_text][\/vc_column][\/vc_row]<\/p>\n<\/div>","protected":false},"excerpt":{"rendered":"<p>[vc_row unlock_row_content=&#8221;yes&#8221; row_height_percent=&#8221;0&#8243; override_padding=&#8221;yes&#8221; h_padding=&#8221;0&#8243; top_padding=&#8221;0&#8243; bottom_padding=&#8221;0&#8243; back_color=&#8221;color-124150&#8243; overlay_alpha=&#8221;50&#8243; gutter_size=&#8221;3&#8243; shift_y=&#8221;0&#8243; row_height_pixel=&#8221;1&#8243;][vc_column column_width_percent=&#8221;100&#8243; position_vertical=&#8221;middle&#8221; align_horizontal=&#8221;align_center&#8221; override_padding=&#8221;yes&#8221; column_padding=&#8221;2&#8243; overlay_alpha=&#8221;50&#8243; gutter_size=&#8221;3&#8243; medium_width=&#8221;0&#8243; [&hellip;]<\/p>\n","protected":false},"author":1,"featured_media":57342,"parent":0,"menu_order":0,"comment_status":"closed","ping_status":"closed","template":"","meta":{"_exactmetrics_skip_tracking":false,"_exactmetrics_sitenote_active":false,"_exactmetrics_sitenote_note":"","_exactmetrics_sitenote_category":0,"footnotes":""},"class_list":["post-57951","page","type-page","status-publish","has-post-thumbnail","hentry"],"yoast_head":"<!-- This site is optimized with the Yoast SEO plugin v27.4 - https:\/\/yoast.com\/product\/yoast-seo-wordpress\/ -->\n<title>Objectifs - Digital New Deal<\/title>\n<meta name=\"description\" content=\"Think-tank de la souverainet\u00e9 num\u00e9rique : pour un internet des Lumi\u00e8res, europ\u00e9en et humaniste. Olivier Sichel pr\u00e9sident, Arno Pons d\u00e9l\u00e9gu\u00e9 g\u00e9n\u00e9ral. Do tank de la 3\u00e8me voie num\u00e9rique, alternative aux GAFA et BATX.\" \/>\n<meta name=\"robots\" content=\"index, follow, max-snippet:-1, max-image-preview:large, max-video-preview:-1\" \/>\n<link rel=\"canonical\" href=\"https:\/\/www.thedigitalnewdeal.org\/en\/les-objectifs\/\" \/>\n<meta property=\"og:locale\" content=\"en_US\" \/>\n<meta property=\"og:type\" content=\"article\" \/>\n<meta property=\"og:title\" content=\"Objectifs - Digital New Deal\" \/>\n<meta property=\"og:description\" content=\"Think-tank de la souverainet\u00e9 num\u00e9rique : pour un internet des Lumi\u00e8res, europ\u00e9en et humaniste. Olivier Sichel pr\u00e9sident, Arno Pons d\u00e9l\u00e9gu\u00e9 g\u00e9n\u00e9ral. Do tank de la 3\u00e8me voie num\u00e9rique, alternative aux GAFA et BATX.\" \/>\n<meta property=\"og:url\" content=\"https:\/\/www.thedigitalnewdeal.org\/en\/les-objectifs\/\" \/>\n<meta property=\"og:site_name\" content=\"Digital New Deal\" \/>\n<meta property=\"article:modified_time\" content=\"2021-01-28T10:30:16+00:00\" \/>\n<meta property=\"og:image\" content=\"https:\/\/www.thedigitalnewdeal.org\/wp-content\/uploads\/2017\/04\/The-Digital-New-Deal-Foundation-005.jpg\" \/>\n\t<meta property=\"og:image:width\" content=\"3170\" \/>\n\t<meta property=\"og:image:height\" content=\"1783\" \/>\n\t<meta property=\"og:image:type\" content=\"image\/jpeg\" \/>\n<meta name=\"twitter:card\" content=\"summary_large_image\" \/>\n<meta name=\"twitter:site\" content=\"@Digital_NewDeal\" \/>\n<meta name=\"twitter:label1\" content=\"Est. reading time\" \/>\n\t<meta name=\"twitter:data1\" content=\"2 minutes\" \/>\n<script type=\"application\/ld+json\" class=\"yoast-schema-graph\">{\"@context\":\"https:\\\/\\\/schema.org\",\"@graph\":[{\"@type\":\"WebPage\",\"@id\":\"https:\\\/\\\/www.thedigitalnewdeal.org\\\/en\\\/les-objectifs\\\/\",\"url\":\"https:\\\/\\\/www.thedigitalnewdeal.org\\\/en\\\/les-objectifs\\\/\",\"name\":\"Objectifs - Digital New Deal\",\"isPartOf\":{\"@id\":\"https:\\\/\\\/www.thedigitalnewdeal.org\\\/en\\\/#website\"},\"primaryImageOfPage\":{\"@id\":\"https:\\\/\\\/www.thedigitalnewdeal.org\\\/en\\\/les-objectifs\\\/#primaryimage\"},\"image\":{\"@id\":\"https:\\\/\\\/www.thedigitalnewdeal.org\\\/en\\\/les-objectifs\\\/#primaryimage\"},\"thumbnailUrl\":\"https:\\\/\\\/www.thedigitalnewdeal.org\\\/wp-content\\\/uploads\\\/2017\\\/04\\\/The-Digital-New-Deal-Foundation-005.jpg\",\"datePublished\":\"2017-06-10T12:10:53+00:00\",\"dateModified\":\"2021-01-28T10:30:16+00:00\",\"description\":\"Think-tank de la souverainet\u00e9 num\u00e9rique : pour un internet des Lumi\u00e8res, europ\u00e9en et humaniste. Olivier Sichel pr\u00e9sident, Arno Pons d\u00e9l\u00e9gu\u00e9 g\u00e9n\u00e9ral. Do tank de la 3\u00e8me voie num\u00e9rique, alternative aux GAFA et BATX.\",\"breadcrumb\":{\"@id\":\"https:\\\/\\\/www.thedigitalnewdeal.org\\\/en\\\/les-objectifs\\\/#breadcrumb\"},\"inLanguage\":\"en-US\",\"potentialAction\":[{\"@type\":\"ReadAction\",\"target\":[\"https:\\\/\\\/www.thedigitalnewdeal.org\\\/en\\\/les-objectifs\\\/\"]}]},{\"@type\":\"ImageObject\",\"inLanguage\":\"en-US\",\"@id\":\"https:\\\/\\\/www.thedigitalnewdeal.org\\\/en\\\/les-objectifs\\\/#primaryimage\",\"url\":\"https:\\\/\\\/www.thedigitalnewdeal.org\\\/wp-content\\\/uploads\\\/2017\\\/04\\\/The-Digital-New-Deal-Foundation-005.jpg\",\"contentUrl\":\"https:\\\/\\\/www.thedigitalnewdeal.org\\\/wp-content\\\/uploads\\\/2017\\\/04\\\/The-Digital-New-Deal-Foundation-005.jpg\",\"width\":3170,\"height\":1783,\"caption\":\"mise en avant\"},{\"@type\":\"BreadcrumbList\",\"@id\":\"https:\\\/\\\/www.thedigitalnewdeal.org\\\/en\\\/les-objectifs\\\/#breadcrumb\",\"itemListElement\":[{\"@type\":\"ListItem\",\"position\":1,\"name\":\"Accueil\",\"item\":\"https:\\\/\\\/www.thedigitalnewdeal.org\\\/en\\\/\"},{\"@type\":\"ListItem\",\"position\":2,\"name\":\"Objectifs\"}]},{\"@type\":\"WebSite\",\"@id\":\"https:\\\/\\\/www.thedigitalnewdeal.org\\\/en\\\/#website\",\"url\":\"https:\\\/\\\/www.thedigitalnewdeal.org\\\/en\\\/\",\"name\":\"Digital New Deal\",\"description\":\"Accompagner les changements que la transition num\u00e9rique\",\"publisher\":{\"@id\":\"https:\\\/\\\/www.thedigitalnewdeal.org\\\/en\\\/#organization\"},\"potentialAction\":[{\"@type\":\"SearchAction\",\"target\":{\"@type\":\"EntryPoint\",\"urlTemplate\":\"https:\\\/\\\/www.thedigitalnewdeal.org\\\/en\\\/?s={search_term_string}\"},\"query-input\":{\"@type\":\"PropertyValueSpecification\",\"valueRequired\":true,\"valueName\":\"search_term_string\"}}],\"inLanguage\":\"en-US\"},{\"@type\":\"Organization\",\"@id\":\"https:\\\/\\\/www.thedigitalnewdeal.org\\\/en\\\/#organization\",\"name\":\"The Digital New Deal\",\"url\":\"https:\\\/\\\/www.thedigitalnewdeal.org\\\/en\\\/\",\"logo\":{\"@type\":\"ImageObject\",\"inLanguage\":\"en-US\",\"@id\":\"https:\\\/\\\/www.thedigitalnewdeal.org\\\/en\\\/#\\\/schema\\\/logo\\\/image\\\/\",\"url\":\"https:\\\/\\\/www.thedigitalnewdeal.org\\\/wp-content\\\/uploads\\\/2017\\\/06\\\/Logo-DigitalNewDealFoundation.svg\",\"contentUrl\":\"https:\\\/\\\/www.thedigitalnewdeal.org\\\/wp-content\\\/uploads\\\/2017\\\/06\\\/Logo-DigitalNewDealFoundation.svg\",\"width\":\"300\",\"height\":\"154\",\"caption\":\"The Digital New Deal\"},\"image\":{\"@id\":\"https:\\\/\\\/www.thedigitalnewdeal.org\\\/en\\\/#\\\/schema\\\/logo\\\/image\\\/\"},\"sameAs\":[\"https:\\\/\\\/x.com\\\/Digital_NewDeal\",\"https:\\\/\\\/www.linkedin.com\\\/company-beta\\\/11084756\\\/\"]}]}<\/script>\n<!-- \/ Yoast SEO plugin. -->","yoast_head_json":{"title":"Objectifs - Digital New Deal","description":"Think-tank de la souverainet\u00e9 num\u00e9rique : pour un internet des Lumi\u00e8res, europ\u00e9en et humaniste. Olivier Sichel pr\u00e9sident, Arno Pons d\u00e9l\u00e9gu\u00e9 g\u00e9n\u00e9ral. Do tank de la 3\u00e8me voie num\u00e9rique, alternative aux GAFA et BATX.","robots":{"index":"index","follow":"follow","max-snippet":"max-snippet:-1","max-image-preview":"max-image-preview:large","max-video-preview":"max-video-preview:-1"},"canonical":"https:\/\/www.thedigitalnewdeal.org\/en\/les-objectifs\/","og_locale":"en_US","og_type":"article","og_title":"Objectifs - Digital New Deal","og_description":"Think-tank de la souverainet\u00e9 num\u00e9rique : pour un internet des Lumi\u00e8res, europ\u00e9en et humaniste. Olivier Sichel pr\u00e9sident, Arno Pons d\u00e9l\u00e9gu\u00e9 g\u00e9n\u00e9ral. Do tank de la 3\u00e8me voie num\u00e9rique, alternative aux GAFA et BATX.","og_url":"https:\/\/www.thedigitalnewdeal.org\/en\/les-objectifs\/","og_site_name":"Digital New Deal","article_modified_time":"2021-01-28T10:30:16+00:00","og_image":[{"width":3170,"height":1783,"url":"https:\/\/www.thedigitalnewdeal.org\/wp-content\/uploads\/2017\/04\/The-Digital-New-Deal-Foundation-005.jpg","type":"image\/jpeg"}],"twitter_card":"summary_large_image","twitter_site":"@Digital_NewDeal","twitter_misc":{"Est. reading time":"2 minutes"},"schema":{"@context":"https:\/\/schema.org","@graph":[{"@type":"WebPage","@id":"https:\/\/www.thedigitalnewdeal.org\/en\/les-objectifs\/","url":"https:\/\/www.thedigitalnewdeal.org\/en\/les-objectifs\/","name":"Objectifs - Digital New Deal","isPartOf":{"@id":"https:\/\/www.thedigitalnewdeal.org\/en\/#website"},"primaryImageOfPage":{"@id":"https:\/\/www.thedigitalnewdeal.org\/en\/les-objectifs\/#primaryimage"},"image":{"@id":"https:\/\/www.thedigitalnewdeal.org\/en\/les-objectifs\/#primaryimage"},"thumbnailUrl":"https:\/\/www.thedigitalnewdeal.org\/wp-content\/uploads\/2017\/04\/The-Digital-New-Deal-Foundation-005.jpg","datePublished":"2017-06-10T12:10:53+00:00","dateModified":"2021-01-28T10:30:16+00:00","description":"Think-tank de la souverainet\u00e9 num\u00e9rique : pour un internet des Lumi\u00e8res, europ\u00e9en et humaniste. Olivier Sichel pr\u00e9sident, Arno Pons d\u00e9l\u00e9gu\u00e9 g\u00e9n\u00e9ral. Do tank de la 3\u00e8me voie num\u00e9rique, alternative aux GAFA et BATX.","breadcrumb":{"@id":"https:\/\/www.thedigitalnewdeal.org\/en\/les-objectifs\/#breadcrumb"},"inLanguage":"en-US","potentialAction":[{"@type":"ReadAction","target":["https:\/\/www.thedigitalnewdeal.org\/en\/les-objectifs\/"]}]},{"@type":"ImageObject","inLanguage":"en-US","@id":"https:\/\/www.thedigitalnewdeal.org\/en\/les-objectifs\/#primaryimage","url":"https:\/\/www.thedigitalnewdeal.org\/wp-content\/uploads\/2017\/04\/The-Digital-New-Deal-Foundation-005.jpg","contentUrl":"https:\/\/www.thedigitalnewdeal.org\/wp-content\/uploads\/2017\/04\/The-Digital-New-Deal-Foundation-005.jpg","width":3170,"height":1783,"caption":"mise en avant"},{"@type":"BreadcrumbList","@id":"https:\/\/www.thedigitalnewdeal.org\/en\/les-objectifs\/#breadcrumb","itemListElement":[{"@type":"ListItem","position":1,"name":"Accueil","item":"https:\/\/www.thedigitalnewdeal.org\/en\/"},{"@type":"ListItem","position":2,"name":"Objectifs"}]},{"@type":"WebSite","@id":"https:\/\/www.thedigitalnewdeal.org\/en\/#website","url":"https:\/\/www.thedigitalnewdeal.org\/en\/","name":"Digital New Deal","description":"Accompagner les changements que la transition num\u00e9rique","publisher":{"@id":"https:\/\/www.thedigitalnewdeal.org\/en\/#organization"},"potentialAction":[{"@type":"SearchAction","target":{"@type":"EntryPoint","urlTemplate":"https:\/\/www.thedigitalnewdeal.org\/en\/?s={search_term_string}"},"query-input":{"@type":"PropertyValueSpecification","valueRequired":true,"valueName":"search_term_string"}}],"inLanguage":"en-US"},{"@type":"Organization","@id":"https:\/\/www.thedigitalnewdeal.org\/en\/#organization","name":"The Digital New Deal","url":"https:\/\/www.thedigitalnewdeal.org\/en\/","logo":{"@type":"ImageObject","inLanguage":"en-US","@id":"https:\/\/www.thedigitalnewdeal.org\/en\/#\/schema\/logo\/image\/","url":"https:\/\/www.thedigitalnewdeal.org\/wp-content\/uploads\/2017\/06\/Logo-DigitalNewDealFoundation.svg","contentUrl":"https:\/\/www.thedigitalnewdeal.org\/wp-content\/uploads\/2017\/06\/Logo-DigitalNewDealFoundation.svg","width":"300","height":"154","caption":"The Digital New Deal"},"image":{"@id":"https:\/\/www.thedigitalnewdeal.org\/en\/#\/schema\/logo\/image\/"},"sameAs":["https:\/\/x.com\/Digital_NewDeal","https:\/\/www.linkedin.com\/company-beta\/11084756\/"]}]}},"_links":{"self":[{"href":"https:\/\/www.thedigitalnewdeal.org\/en\/wp-json\/wp\/v2\/pages\/57951","targetHints":{"allow":["GET"]}}],"collection":[{"href":"https:\/\/www.thedigitalnewdeal.org\/en\/wp-json\/wp\/v2\/pages"}],"about":[{"href":"https:\/\/www.thedigitalnewdeal.org\/en\/wp-json\/wp\/v2\/types\/page"}],"author":[{"embeddable":true,"href":"https:\/\/www.thedigitalnewdeal.org\/en\/wp-json\/wp\/v2\/users\/1"}],"replies":[{"embeddable":true,"href":"https:\/\/www.thedigitalnewdeal.org\/en\/wp-json\/wp\/v2\/comments?post=57951"}],"version-history":[{"count":4,"href":"https:\/\/www.thedigitalnewdeal.org\/en\/wp-json\/wp\/v2\/pages\/57951\/revisions"}],"predecessor-version":[{"id":61610,"href":"https:\/\/www.thedigitalnewdeal.org\/en\/wp-json\/wp\/v2\/pages\/57951\/revisions\/61610"}],"wp:featuredmedia":[{"embeddable":true,"href":"https:\/\/www.thedigitalnewdeal.org\/en\/wp-json\/wp\/v2\/media\/57342"}],"wp:attachment":[{"href":"https:\/\/www.thedigitalnewdeal.org\/en\/wp-json\/wp\/v2\/media?parent=57951"}],"curies":[{"name":"wp","href":"https:\/\/api.w.org\/{rel}","templated":true}]}}