{"id":60807,"date":"2020-08-18T14:18:29","date_gmt":"2020-08-18T12:18:29","guid":{"rendered":"https:\/\/www.thedigitalnewdeal.org\/home-digital-new-deal-foundation\/"},"modified":"2026-01-11T20:24:12","modified_gmt":"2026-01-11T19:24:12","slug":"home-digital-new-deal-foundation","status":"publish","type":"page","link":"https:\/\/www.thedigitalnewdeal.org\/en\/","title":{"rendered":"Welcome"},"content":{"rendered":"<div class=\"wpb-content-wrapper\"><p>[vc_row unlock_row_content=&#8221;yes&#8221; row_height_percent=&#8221;0&#8243; override_padding=&#8221;yes&#8221; h_padding=&#8221;0&#8243; top_padding=&#8221;0&#8243; bottom_padding=&#8221;0&#8243; back_color=&#8221;color-xsdn&#8221; overlay_alpha=&#8221;90&#8243; equal_height=&#8221;yes&#8221; gutter_size=&#8221;0&#8243; shift_y=&#8221;0&#8243;][vc_column column_width_percent=&#8221;100&#8243; position_vertical=&#8221;middle&#8221; gutter_size=&#8221;3&#8243; override_padding=&#8221;yes&#8221; column_padding=&#8221;4&#8243; overlay_alpha=&#8221;90&#8243; shift_x=&#8221;0&#8243; shift_y=&#8221;0&#8243; shift_y_down=&#8221;0&#8243; z_index=&#8221;0&#8243; medium_width=&#8221;2&#8243; mobile_width=&#8221;0&#8243; css_animation=&#8221;bottom-t-top&#8221; animation_delay=&#8221;200&#8243; width=&#8221;1\/4&#8243;][vc_custom_heading text_color=&#8221;color-159048&#8243; heading_semantic=&#8221;h3&#8243; text_font=&#8221;font-168650&#8243; text_size=&#8221;&#8221; text_weight=&#8221;400&#8243; text_transform=&#8221;capitalize&#8221; text_space=&#8221;fontspace-111509&#8243; text_uppercase=&#8221;&#8221; text_align=&#8221;text-left&#8221;]PUBLICATIONS[\/vc_custom_heading][vc_row_inner][vc_column_inner width=&#8221;1\/1&#8243;][vc_button button_color=&#8221;color-159048&#8243; size=&#8221;btn-sm&#8221; radius=&#8221;btn-square&#8221; border_width=&#8221;0&#8243; display=&#8221;inline&#8221; css_animation=&#8221;bottom-t-top&#8221; animation_delay=&#8221;1200&#8243; link=&#8221;url:https%3A%2F%2Fwww.thedigitalnewdeal.org%2Fen%2Fpublications-digital-new-deal-foundation%2F|title:publications|&#8221;]Read[\/vc_button][\/vc_column_inner][\/vc_row_inner][\/vc_column][vc_column column_width_percent=&#8221;100&#8243; gutter_size=&#8221;3&#8243; override_padding=&#8221;yes&#8221; column_padding=&#8221;1&#8243; font_family=&#8221;font-290874&#8243; overlay_alpha=&#8221;50&#8243; shift_x=&#8221;0&#8243; shift_y=&#8221;0&#8243; shift_y_down=&#8221;0&#8243; z_index=&#8221;0&#8243; medium_width=&#8221;6&#8243; mobile_width=&#8221;0&#8243; width=&#8221;3\/4&#8243;][uncode_index el_id=&#8221;index-17465098826&#8243; index_type=&#8221;carousel&#8221; loop=&#8221;size:All|order_by:date|order:DESC|post_type:post|categories:1&#8243; carousel_lg=&#8221;3&#8243; carousel_md=&#8221;2&#8243; carousel_sm=&#8221;1&#8243; gutter_size=&#8221;0&#8243; post_items=&#8221;date,title,sep-one|full,text|full|200&#8243; page_items=&#8221;title,media,text,category&#8221; product_items=&#8221;title,media,text,category,price&#8221; portfolio_items=&#8221;title,media,text,category&#8221; carousel_interval=&#8221;10000&#8243; carousel_navspeed=&#8221;400&#8243; carousel_loop=&#8221;yes&#8221; stage_padding=&#8221;0&#8243; single_back_color=&#8221;color-xsdn&#8221; single_overlay_color=&#8221;color-159048&#8243; single_overlay_opacity=&#8221;50&#8243; single_padding=&#8221;2&#8243; single_title_family=&#8221;font-168650&#8243; single_title_dimension=&#8221;h3&#8243; single_title_weight=&#8221;400&#8243; single_border=&#8221;yes&#8221; single_css_animation=&#8221;bottom-t-top&#8221; single_animation_delay=&#8221;200&#8243; single_half_padding=&#8221;&#8221; single_title_uppercase=&#8221;&#8221; single_title_bold=&#8221;yes&#8221; single_title_serif=&#8221;&#8221; single_title_divider=&#8221;&#8221; single_no_background=&#8221;&#8221; footer_position=&#8221;left&#8221; carousel_rtl=&#8221;&#8221; items=&#8221;e30=&#8221; order_ids=&#8221;4193,4225,4227,4229,4636,8509,4629,4265,4262,4260,4254,4252,4249,4247,4245,4243,4241,4239,4237,4235,4231,4205,4233&#8243;][\/vc_column][\/vc_row][vc_row unlock_row_content=&#8221;yes&#8221; row_height_percent=&#8221;0&#8243; override_padding=&#8221;yes&#8221; h_padding=&#8221;0&#8243; top_padding=&#8221;0&#8243; bottom_padding=&#8221;0&#8243; overlay_alpha=&#8221;50&#8243; equal_height=&#8221;yes&#8221; gutter_size=&#8221;0&#8243; shift_y=&#8221;0&#8243;][vc_column column_width_percent=&#8221;100&#8243; position_vertical=&#8221;middle&#8221; gutter_size=&#8221;2&#8243; override_padding=&#8221;yes&#8221; column_padding=&#8221;4&#8243; overlay_alpha=&#8221;80&#8243; shift_x=&#8221;0&#8243; shift_y=&#8221;0&#8243; shift_y_down=&#8221;0&#8243; z_index=&#8221;0&#8243; medium_width=&#8221;2&#8243; mobile_width=&#8221;0&#8243; css_animation=&#8221;bottom-t-top&#8221; animation_delay=&#8221;200&#8243; width=&#8221;1\/4&#8243;][vc_custom_heading text_color=&#8221;color-159048&#8243; heading_semantic=&#8221;h3&#8243; text_font=&#8221;font-168650&#8243; text_size=&#8221;&#8221; text_weight=&#8221;400&#8243; text_transform=&#8221;capitalize&#8221; text_space=&#8221;fontspace-111509&#8243; text_uppercase=&#8221;&#8221; text_align=&#8221;text-left&#8221;]MEMBERS[\/vc_custom_heading][vc_row_inner][vc_column_inner width=&#8221;1\/1&#8243;][vc_button button_color=&#8221;color-159048&#8243; size=&#8221;btn-sm&#8221; radius=&#8221;btn-square&#8221; border_width=&#8221;0&#8243; display=&#8221;inline&#8221; css_animation=&#8221;bottom-t-top&#8221; animation_delay=&#8221;1200&#8243; link=&#8221;url:https%3A%2F%2Fwww.thedigitalnewdeal.org%2Fen%2Fmembers%2F|title:Members&#8221;]Read[\/vc_button][\/vc_column_inner][\/vc_row_inner][\/vc_column][vc_column column_width_percent=&#8221;100&#8243; position_horizontal=&#8221;left&#8221; gutter_size=&#8221;3&#8243; override_padding=&#8221;yes&#8221; column_padding=&#8221;0&#8243; expand_height=&#8221;yes&#8221; style=&#8221;dark&#8221; font_family=&#8221;font-168650&#8243; overlay_alpha=&#8221;80&#8243; shift_x=&#8221;0&#8243; shift_y=&#8221;0&#8243; shift_y_down=&#8221;0&#8243; z_index=&#8221;0&#8243; medium_width=&#8221;6&#8243; mobile_width=&#8221;0&#8243; css_animation=&#8221;bottom-t-top&#8221; animation_delay=&#8221;400&#8243; width=&#8221;3\/4&#8243;][vc_gallery el_id=&#8221;gallery-11924345678&#8243; type=&#8221;carousel&#8221; medias=&#8221;60505,60507,61103,60739,60508,60509,60511,63136,63134,63132&#8243; carousel_lg=&#8221;4&#8243; carousel_md=&#8221;2&#8243; carousel_sm=&#8221;2&#8243; gutter_size=&#8221;0&#8243; media_items=&#8221;media|custom_link|poster,title,caption&#8221; carousel_interval=&#8221;3000&#8243; carousel_navspeed=&#8221;400&#8243; carousel_loop=&#8221;yes&#8221; stage_padding=&#8221;0&#8243; single_overlay_color=&#8221;color-857834&#8243; single_overlay_coloration=&#8221;bottom_gradient&#8221; single_overlay_opacity=&#8221;30&#8243; single_overlay_visible=&#8221;yes&#8221; single_overlay_anim=&#8221;no&#8221; single_text_visible=&#8221;yes&#8221; single_text_anim=&#8221;no&#8221; single_image_anim=&#8221;no&#8221; single_v_position=&#8221;bottom&#8221; single_padding=&#8221;1&#8243; single_text_reduced=&#8221;yes&#8221; single_elements_click=&#8221;yes&#8221; single_title_family=&#8221;font-168650&#8243; single_title_dimension=&#8221;h3&#8243; single_title_weight=&#8221;400&#8243; single_border=&#8221;yes&#8221; single_css_animation=&#8221;bottom-t-top&#8221; single_animation_delay=&#8221;400&#8243; items=&#8221;eyI1NzE2OV9pIjp7InNpbmdsZV9saW5rIjoidXJsOmh0dHAlM0ElMkYlMkZ3d3cudGhlZGlnaXRhbG5ld2RlYWwuZXUlMkZjb25zZWlsLWFkbWluaXN0cmF0aW9uJTJGJTIzbGF1cmVudC1hbGV4YW5kcmV8fHwiLCJzaW5nbGVfbGF5b3V0X21lZGlhX2l0ZW1zIjoibWVkaWF8Y3VzdG9tX2xpbmt8cG9zdGVyLHRpdGxlLGNhcHRpb24ifSwiNTcxNzBfaSI6eyJzaW5nbGVfbGluayI6InVybDpodHRwcyUzQSUyRiUyRnd3dy50aGVkaWdpdGFsbmV3ZGVhbC5vcmclMkZlbiUyRm1lbWJlcnMlMkZ8dGl0bGU6TWVtYmVycyIsInNpbmdsZV9sYXlvdXRfbWVkaWFfaXRlbXMiOiJtZWRpYXxjdXN0b21fbGlua3xwb3N0ZXIsdGl0bGUsY2FwdGlvbiJ9LCI1NzE4MV9pIjp7InNpbmdsZV9saW5rIjoidXJsOmh0dHAlM0ElMkYlMkZ3d3cudGhlZGlnaXRhbG5ld2RlYWwuZXUlMkZjb25zZWlsLWFkbWluaXN0cmF0aW9uJTJGJTIzbWljaGVsLWNvbWJlc3x8fCJ9LCI1NzE4Ml9pIjp7InNpbmdsZV9saW5rIjoidXJsOmh0dHBzJTNBJTJGJTJGd3d3LnRoZWRpZ2l0YWxuZXdkZWFsLm9yZyUyRmVuJTJGbWVtYmVycyUyRnx0aXRsZTpNZW1iZXJzIiwic2luZ2xlX2xheW91dF9tZWRpYV9pdGVtcyI6Im1lZGlhfGN1c3RvbV9saW5rfHBvc3Rlcix0aXRsZSxjYXB0aW9uIn0sIjU3MTg0X2kiOnsic2luZ2xlX2xpbmsiOiJ1cmw6aHR0cHMlM0ElMkYlMkZ3d3cudGhlZGlnaXRhbG5ld2RlYWwub3JnJTJGZW4lMkZtZW1iZXJzJTJGfHRpdGxlOk1lbWJlcnMiLCJzaW5nbGVfbGF5b3V0X21lZGlhX2l0ZW1zIjoibWVkaWF8Y3VzdG9tX2xpbmt8cG9zdGVyLHRpdGxlLGNhcHRpb24ifSwiNTcxODVfaSI6eyJzaW5nbGVfbGluayI6InVybDpodHRwcyUzQSUyRiUyRnd3dy50aGVkaWdpdGFsbmV3ZGVhbC5vcmclMkZlbiUyRm1lbWJlcnMlMkZ8dGl0bGU6TWVtYmVycyIsInNpbmdsZV9sYXlvdXRfbWVkaWFfaXRlbXMiOiJtZWRpYXxjdXN0b21fbGlua3xwb3N0ZXIsdGl0bGUsY2FwdGlvbiJ9LCI1NzE4Nl9pIjp7InNpbmdsZV9saW5rIjoidXJsOmh0dHBzJTNBJTJGJTJGd3d3LnRoZWRpZ2l0YWxuZXdkZWFsLm9yZyUyRmVuJTJGbWVtYmVycyUyRnx0aXRsZTpNZW1iZXJzIiwic2luZ2xlX2xheW91dF9tZWRpYV9pdGVtcyI6Im1lZGlhfGN1c3RvbV9saW5rfHBvc3Rlcix0aXRsZSxjYXB0aW9uIn0sIjU3MTg3X2kiOnsic2luZ2xlX2xpbmsiOiJ1cmw6aHR0cHMlM0ElMkYlMkZ3d3cudGhlZGlnaXRhbG5ld2RlYWwub3JnJTJGZW4lMkZtZW1iZXJzJTJGfHRpdGxlOk1lbWJlcnMiLCJzaW5nbGVfbGF5b3V0X21lZGlhX2l0ZW1zIjoibWVkaWF8Y3VzdG9tX2xpbmt8cG9zdGVyLHRpdGxlLGNhcHRpb24ifSwiNTcxNjhfaSI6eyJzaW5nbGVfbGluayI6InVybDpodHRwcyUzQSUyRiUyRnd3dy50aGVkaWdpdGFsbmV3ZGVhbC5vcmclMkZlbiUyRm1lbWJlcnMlMkZ8dGl0bGU6TWVtYmVycyIsInNpbmdsZV9sYXlvdXRfbWVkaWFfaXRlbXMiOiJtZWRpYXxjdXN0b21fbGlua3xwb3N0ZXIsdGl0bGUsY2FwdGlvbiJ9LCI2MTEwMl9pIjp7InNpbmdsZV9saW5rIjoidXJsOmh0dHBzJTNBJTJGJTJGd3d3LnRoZWRpZ2l0YWxuZXdkZWFsLm9yZyUyRmVuJTJGbWVtYmVycyUyRnx0aXRsZTpNZW1iZXJzIiwic2luZ2xlX2xheW91dF9tZWRpYV9pdGVtcyI6Im1lZGlhfGN1c3RvbV9saW5rfHBvc3Rlcix0aXRsZSxjYXB0aW9uIn0sIjYwMjMzX2kiOnsic2luZ2xlX2xpbmsiOiJ1cmw6aHR0cHMlM0ElMkYlMkZ3d3cudGhlZGlnaXRhbG5ld2RlYWwub3JnJTJGZW4lMkZtZW1iZXJzJTJGfHRpdGxlOk1lbWJlcnMiLCJzaW5nbGVfbGF5b3V0X21lZGlhX2l0ZW1zIjoibWVkaWF8Y3VzdG9tX2xpbmt8cG9zdGVyLHRpdGxlLGNhcHRpb24ifX0=&#8221; single_link=&#8221;url:https%3A%2F%2Fwww.thedigitalnewdeal.org%2Fen%2Fmembres%2F|title:Membres&#8221; uncode_shortcode_id=&#8221;134159&#8243;][\/vc_column][\/vc_row][vc_row unlock_row_content=&#8221;yes&#8221; row_height_percent=&#8221;10&#8243; override_padding=&#8221;yes&#8221; h_padding=&#8221;0&#8243; top_padding=&#8221;0&#8243; bottom_padding=&#8221;0&#8243; overlay_alpha=&#8221;50&#8243; equal_height=&#8221;yes&#8221; gutter_size=&#8221;0&#8243; shift_y=&#8221;0&#8243;][vc_column column_width_percent=&#8221;100&#8243; gutter_size=&#8221;3&#8243; override_padding=&#8221;yes&#8221; column_padding=&#8221;3&#8243; style=&#8221;dark&#8221; font_family=&#8221;font-168650&#8243; back_color=&#8221;color-159048&#8243; overlay_alpha=&#8221;80&#8243; shift_x=&#8221;0&#8243; shift_y=&#8221;0&#8243; shift_y_down=&#8221;0&#8243; z_index=&#8221;0&#8243; medium_width=&#8221;4&#8243; mobile_width=&#8221;0&#8243; css_animation=&#8221;bottom-t-top&#8221; animation_delay=&#8221;200&#8243; width=&#8221;1\/2&#8243; mobile_height=&#8221;350&#8243;][vc_custom_heading text_color=&#8221;color-xsdn&#8221; text_font=&#8221;font-168650&#8243; text_size=&#8221;fontsize-155944&#8243; text_weight=&#8221;400&#8243; text_transform=&#8221;capitalize&#8221; text_space=&#8221;fontspace-111509&#8243; text_uppercase=&#8221;&#8221; text_align=&#8221;text-left&#8221;]OUR MISSION[\/vc_custom_heading][vc_column_text]As our society is facing numerous digital challenges, the ambition of \u201cDigital New Deal\u201d is to help deciphering what is at stake. This think tank aims to clarify, as much as possible, the new developments that are taking place within the reach of the so-called \u201cdigitalization\u201d phenomenon, in the broadest sense of the word. To that extent, we aim to create concrete measures to support both companies and policymakers.[\/vc_column_text][vc_row_inner][vc_column_inner column_width_percent=&#8221;100&#8243; gutter_size=&#8221;3&#8243; style=&#8221;dark&#8221; overlay_alpha=&#8221;50&#8243; shift_x=&#8221;0&#8243; shift_y=&#8221;0&#8243; z_index=&#8221;0&#8243; medium_width=&#8221;0&#8243; mobile_width=&#8221;0&#8243; width=&#8221;1\/1&#8243;][vc_button size=&#8221;btn-sm&#8221; radius=&#8221;btn-square&#8221; outline=&#8221;yes&#8221; display=&#8221;inline&#8221; css_animation=&#8221;bottom-t-top&#8221; animation_delay=&#8221;1200&#8243; link=&#8221;url:http%3A%2F%2Fwww.thedigitalnewdeal.org%2Fpresentation-de-la-fondation%2F|&#8221;]Presentation[\/vc_button][\/vc_column_inner][\/vc_row_inner][\/vc_column][vc_column column_width_percent=&#8221;100&#8243; position_vertical=&#8221;bottom&#8221; gutter_size=&#8221;3&#8243; override_padding=&#8221;yes&#8221; column_padding=&#8221;3&#8243; expand_height=&#8221;yes&#8221; style=&#8221;dark&#8221; back_image=&#8221;60662&#8243; overlay_alpha=&#8221;80&#8243; shift_x=&#8221;0&#8243; shift_y=&#8221;0&#8243; shift_y_down=&#8221;0&#8243; z_index=&#8221;0&#8243; medium_width=&#8221;4&#8243; mobile_width=&#8221;0&#8243; css_animation=&#8221;bottom-t-top&#8221; animation_delay=&#8221;400&#8243; width=&#8221;1\/2&#8243; mobile_height=&#8221;350&#8243;][\/vc_column][\/vc_row]<\/p>\n<\/div>","protected":false},"excerpt":{"rendered":"<p>[vc_row unlock_row_content=&#8221;yes&#8221; row_height_percent=&#8221;0&#8243; override_padding=&#8221;yes&#8221; h_padding=&#8221;0&#8243; top_padding=&#8221;0&#8243; bottom_padding=&#8221;0&#8243; back_color=&#8221;color-xsdn&#8221; overlay_alpha=&#8221;90&#8243; equal_height=&#8221;yes&#8221; gutter_size=&#8221;0&#8243; shift_y=&#8221;0&#8243;][vc_column column_width_percent=&#8221;100&#8243; position_vertical=&#8221;middle&#8221; gutter_size=&#8221;3&#8243; override_padding=&#8221;yes&#8221; column_padding=&#8221;4&#8243; overlay_alpha=&#8221;90&#8243; shift_x=&#8221;0&#8243; shift_y=&#8221;0&#8243; [&hellip;]<\/p>\n","protected":false},"author":1,"featured_media":0,"parent":0,"menu_order":0,"comment_status":"open","ping_status":"closed","template":"","meta":{"_exactmetrics_skip_tracking":false,"_exactmetrics_sitenote_active":false,"_exactmetrics_sitenote_note":"","_exactmetrics_sitenote_category":0,"footnotes":""},"class_list":["post-60807","page","type-page","status-publish","hentry"],"yoast_head":"<!-- This site is optimized with the Yoast SEO plugin v27.4 - https:\/\/yoast.com\/product\/yoast-seo-wordpress\/ -->\n<title>Digital New Deal - Think Tank<\/title>\n<meta name=\"description\" content=\"THINK-TANK, FOR AN ENLIGHTENED, HUMANISTIC AND EUROPEAN INTERNET. Olivier Sichel Pr\u00e9sident, Arno Pons d\u00e9l\u00e9gu\u00e9 g\u00e9n\u00e9ral.\" \/>\n<meta name=\"robots\" content=\"index, follow, max-snippet:-1, max-image-preview:large, max-video-preview:-1\" \/>\n<link rel=\"canonical\" href=\"https:\/\/www.thedigitalnewdeal.org\/en\/\" \/>\n<meta property=\"og:locale\" content=\"en_US\" \/>\n<meta property=\"og:type\" content=\"article\" \/>\n<meta property=\"og:title\" content=\"Digital New Deal - Think Tank\" \/>\n<meta property=\"og:description\" content=\"THINK-TANK, FOR AN ENLIGHTENED, HUMANISTIC AND EUROPEAN INTERNET. Olivier Sichel Pr\u00e9sident, Arno Pons d\u00e9l\u00e9gu\u00e9 g\u00e9n\u00e9ral.\" \/>\n<meta property=\"og:url\" content=\"https:\/\/www.thedigitalnewdeal.org\/en\/\" \/>\n<meta property=\"og:site_name\" content=\"Digital New Deal\" \/>\n<meta property=\"article:modified_time\" content=\"2026-01-11T19:24:12+00:00\" \/>\n<meta name=\"twitter:card\" content=\"summary_large_image\" \/>\n<meta name=\"twitter:site\" content=\"@Digital_NewDeal\" \/>\n<meta name=\"twitter:label1\" content=\"Est. reading time\" \/>\n\t<meta name=\"twitter:data1\" content=\"6 minutes\" \/>\n<script type=\"application\/ld+json\" class=\"yoast-schema-graph\">{\"@context\":\"https:\\\/\\\/schema.org\",\"@graph\":[{\"@type\":\"WebPage\",\"@id\":\"https:\\\/\\\/www.thedigitalnewdeal.org\\\/en\\\/\",\"url\":\"https:\\\/\\\/www.thedigitalnewdeal.org\\\/en\\\/\",\"name\":\"Digital New Deal - Think Tank\",\"isPartOf\":{\"@id\":\"https:\\\/\\\/www.thedigitalnewdeal.org\\\/en\\\/#website\"},\"datePublished\":\"2020-08-18T12:18:29+00:00\",\"dateModified\":\"2026-01-11T19:24:12+00:00\",\"description\":\"THINK-TANK, FOR AN ENLIGHTENED, HUMANISTIC AND EUROPEAN INTERNET. Olivier Sichel Pr\u00e9sident, Arno Pons d\u00e9l\u00e9gu\u00e9 g\u00e9n\u00e9ral.\",\"breadcrumb\":{\"@id\":\"https:\\\/\\\/www.thedigitalnewdeal.org\\\/en\\\/#breadcrumb\"},\"inLanguage\":\"en-US\",\"potentialAction\":[{\"@type\":\"ReadAction\",\"target\":[\"https:\\\/\\\/www.thedigitalnewdeal.org\\\/en\\\/\"]}]},{\"@type\":\"BreadcrumbList\",\"@id\":\"https:\\\/\\\/www.thedigitalnewdeal.org\\\/en\\\/#breadcrumb\",\"itemListElement\":[{\"@type\":\"ListItem\",\"position\":1,\"name\":\"Accueil\",\"item\":\"https:\\\/\\\/www.thedigitalnewdeal.org\\\/en\\\/\"},{\"@type\":\"ListItem\",\"position\":2,\"name\":\"Welcome\"}]},{\"@type\":\"WebSite\",\"@id\":\"https:\\\/\\\/www.thedigitalnewdeal.org\\\/en\\\/#website\",\"url\":\"https:\\\/\\\/www.thedigitalnewdeal.org\\\/en\\\/\",\"name\":\"Digital New Deal\",\"description\":\"Accompagner les changements que la transition num\u00e9rique\",\"publisher\":{\"@id\":\"https:\\\/\\\/www.thedigitalnewdeal.org\\\/en\\\/#organization\"},\"potentialAction\":[{\"@type\":\"SearchAction\",\"target\":{\"@type\":\"EntryPoint\",\"urlTemplate\":\"https:\\\/\\\/www.thedigitalnewdeal.org\\\/en\\\/?s={search_term_string}\"},\"query-input\":{\"@type\":\"PropertyValueSpecification\",\"valueRequired\":true,\"valueName\":\"search_term_string\"}}],\"inLanguage\":\"en-US\"},{\"@type\":\"Organization\",\"@id\":\"https:\\\/\\\/www.thedigitalnewdeal.org\\\/en\\\/#organization\",\"name\":\"The Digital New Deal\",\"url\":\"https:\\\/\\\/www.thedigitalnewdeal.org\\\/en\\\/\",\"logo\":{\"@type\":\"ImageObject\",\"inLanguage\":\"en-US\",\"@id\":\"https:\\\/\\\/www.thedigitalnewdeal.org\\\/en\\\/#\\\/schema\\\/logo\\\/image\\\/\",\"url\":\"https:\\\/\\\/www.thedigitalnewdeal.org\\\/wp-content\\\/uploads\\\/2017\\\/06\\\/Logo-DigitalNewDealFoundation.svg\",\"contentUrl\":\"https:\\\/\\\/www.thedigitalnewdeal.org\\\/wp-content\\\/uploads\\\/2017\\\/06\\\/Logo-DigitalNewDealFoundation.svg\",\"width\":\"300\",\"height\":\"154\",\"caption\":\"The Digital New Deal\"},\"image\":{\"@id\":\"https:\\\/\\\/www.thedigitalnewdeal.org\\\/en\\\/#\\\/schema\\\/logo\\\/image\\\/\"},\"sameAs\":[\"https:\\\/\\\/x.com\\\/Digital_NewDeal\",\"https:\\\/\\\/www.linkedin.com\\\/company-beta\\\/11084756\\\/\"]}]}<\/script>\n<!-- \/ Yoast SEO plugin. -->","yoast_head_json":{"title":"Digital New Deal - Think Tank","description":"THINK-TANK, FOR AN ENLIGHTENED, HUMANISTIC AND EUROPEAN INTERNET. Olivier Sichel Pr\u00e9sident, Arno Pons d\u00e9l\u00e9gu\u00e9 g\u00e9n\u00e9ral.","robots":{"index":"index","follow":"follow","max-snippet":"max-snippet:-1","max-image-preview":"max-image-preview:large","max-video-preview":"max-video-preview:-1"},"canonical":"https:\/\/www.thedigitalnewdeal.org\/en\/","og_locale":"en_US","og_type":"article","og_title":"Digital New Deal - Think Tank","og_description":"THINK-TANK, FOR AN ENLIGHTENED, HUMANISTIC AND EUROPEAN INTERNET. Olivier Sichel Pr\u00e9sident, Arno Pons d\u00e9l\u00e9gu\u00e9 g\u00e9n\u00e9ral.","og_url":"https:\/\/www.thedigitalnewdeal.org\/en\/","og_site_name":"Digital New Deal","article_modified_time":"2026-01-11T19:24:12+00:00","twitter_card":"summary_large_image","twitter_site":"@Digital_NewDeal","twitter_misc":{"Est. reading time":"6 minutes"},"schema":{"@context":"https:\/\/schema.org","@graph":[{"@type":"WebPage","@id":"https:\/\/www.thedigitalnewdeal.org\/en\/","url":"https:\/\/www.thedigitalnewdeal.org\/en\/","name":"Digital New Deal - Think Tank","isPartOf":{"@id":"https:\/\/www.thedigitalnewdeal.org\/en\/#website"},"datePublished":"2020-08-18T12:18:29+00:00","dateModified":"2026-01-11T19:24:12+00:00","description":"THINK-TANK, FOR AN ENLIGHTENED, HUMANISTIC AND EUROPEAN INTERNET. Olivier Sichel Pr\u00e9sident, Arno Pons d\u00e9l\u00e9gu\u00e9 g\u00e9n\u00e9ral.","breadcrumb":{"@id":"https:\/\/www.thedigitalnewdeal.org\/en\/#breadcrumb"},"inLanguage":"en-US","potentialAction":[{"@type":"ReadAction","target":["https:\/\/www.thedigitalnewdeal.org\/en\/"]}]},{"@type":"BreadcrumbList","@id":"https:\/\/www.thedigitalnewdeal.org\/en\/#breadcrumb","itemListElement":[{"@type":"ListItem","position":1,"name":"Accueil","item":"https:\/\/www.thedigitalnewdeal.org\/en\/"},{"@type":"ListItem","position":2,"name":"Welcome"}]},{"@type":"WebSite","@id":"https:\/\/www.thedigitalnewdeal.org\/en\/#website","url":"https:\/\/www.thedigitalnewdeal.org\/en\/","name":"Digital New Deal","description":"Accompagner les changements que la transition num\u00e9rique","publisher":{"@id":"https:\/\/www.thedigitalnewdeal.org\/en\/#organization"},"potentialAction":[{"@type":"SearchAction","target":{"@type":"EntryPoint","urlTemplate":"https:\/\/www.thedigitalnewdeal.org\/en\/?s={search_term_string}"},"query-input":{"@type":"PropertyValueSpecification","valueRequired":true,"valueName":"search_term_string"}}],"inLanguage":"en-US"},{"@type":"Organization","@id":"https:\/\/www.thedigitalnewdeal.org\/en\/#organization","name":"The Digital New Deal","url":"https:\/\/www.thedigitalnewdeal.org\/en\/","logo":{"@type":"ImageObject","inLanguage":"en-US","@id":"https:\/\/www.thedigitalnewdeal.org\/en\/#\/schema\/logo\/image\/","url":"https:\/\/www.thedigitalnewdeal.org\/wp-content\/uploads\/2017\/06\/Logo-DigitalNewDealFoundation.svg","contentUrl":"https:\/\/www.thedigitalnewdeal.org\/wp-content\/uploads\/2017\/06\/Logo-DigitalNewDealFoundation.svg","width":"300","height":"154","caption":"The Digital New Deal"},"image":{"@id":"https:\/\/www.thedigitalnewdeal.org\/en\/#\/schema\/logo\/image\/"},"sameAs":["https:\/\/x.com\/Digital_NewDeal","https:\/\/www.linkedin.com\/company-beta\/11084756\/"]}]}},"_links":{"self":[{"href":"https:\/\/www.thedigitalnewdeal.org\/en\/wp-json\/wp\/v2\/pages\/60807","targetHints":{"allow":["GET"]}}],"collection":[{"href":"https:\/\/www.thedigitalnewdeal.org\/en\/wp-json\/wp\/v2\/pages"}],"about":[{"href":"https:\/\/www.thedigitalnewdeal.org\/en\/wp-json\/wp\/v2\/types\/page"}],"author":[{"embeddable":true,"href":"https:\/\/www.thedigitalnewdeal.org\/en\/wp-json\/wp\/v2\/users\/1"}],"replies":[{"embeddable":true,"href":"https:\/\/www.thedigitalnewdeal.org\/en\/wp-json\/wp\/v2\/comments?post=60807"}],"version-history":[{"count":28,"href":"https:\/\/www.thedigitalnewdeal.org\/en\/wp-json\/wp\/v2\/pages\/60807\/revisions"}],"predecessor-version":[{"id":63141,"href":"https:\/\/www.thedigitalnewdeal.org\/en\/wp-json\/wp\/v2\/pages\/60807\/revisions\/63141"}],"wp:attachment":[{"href":"https:\/\/www.thedigitalnewdeal.org\/en\/wp-json\/wp\/v2\/media?parent=60807"}],"curies":[{"name":"wp","href":"https:\/\/api.w.org\/{rel}","templated":true}]}}