{"id":60908,"date":"2020-08-19T10:34:05","date_gmt":"2020-08-19T08:34:05","guid":{"rendered":"https:\/\/www.thedigitalnewdeal.org\/members-digital-new-deal-foundation\/"},"modified":"2026-01-12T20:44:04","modified_gmt":"2026-01-12T19:44:04","slug":"members","status":"publish","type":"page","link":"https:\/\/www.thedigitalnewdeal.org\/en\/members\/","title":{"rendered":"Members"},"content":{"rendered":"<div class=\"wpb-content-wrapper\"><p>[vc_row unlock_row_content=&#8221;yes&#8221; row_height_percent=&#8221;0&#8243; override_padding=&#8221;yes&#8221; h_padding=&#8221;0&#8243; top_padding=&#8221;0&#8243; bottom_padding=&#8221;0&#8243; overlay_alpha=&#8221;50&#8243; equal_height=&#8221;yes&#8221; gutter_size=&#8221;0&#8243; shift_y=&#8221;0&#8243;][vc_column column_width_percent=&#8221;100&#8243; gutter_size=&#8221;3&#8243; override_padding=&#8221;yes&#8221; column_padding=&#8221;4&#8243; style=&#8221;dark&#8221; font_family=&#8221;font-168650&#8243; back_color=&#8221;color-209500&#8243; overlay_color=&#8221;color-159048&#8243; overlay_alpha=&#8221;80&#8243; shift_x=&#8221;0&#8243; shift_y=&#8221;0&#8243; shift_y_down=&#8221;0&#8243; z_index=&#8221;0&#8243; align_medium=&#8221;align_center_tablet&#8221; medium_width=&#8221;0&#8243; align_mobile=&#8221;align_center_mobile&#8221; mobile_width=&#8221;0&#8243; css_animation=&#8221;bottom-t-top&#8221; width=&#8221;3\/4&#8243;][vc_custom_heading heading_semantic=&#8221;h1&#8243; text_font=&#8221;font-168650&#8243; text_size=&#8221;fontsize-155944&#8243; text_weight=&#8221;400&#8243;]EXECUTIVE BOARD[\/vc_custom_heading][vc_separator sep_color=&#8221;,Default&#8221;][vc_column_text text_lead=&#8221;yes&#8221; uncode_shortcode_id=&#8221;472513&#8243;]<span style=\"font-weight: 400;\">The members of the Digital New Deal Board of Directors are all founding members. They come from various backgrounds while having direct contact with the digital transformation of companies and organisations. Given their shared interest in digital issues, they decided to deepen their debate by creating a formal framework for production and publication within which they can dedicate their complementary experience to serve public and political debate. They\u2019re personally involved in the life of Digital New Deal.<\/span><\/p>\n<p>\u201cTranspartisan, spanning both public and private sectors: this is the balance that must prevail on the Board of Directors of Digital New Deal, a guarantee of our intellectual and financial independence.\u201d<br \/>\n<strong>Olivier Sichel<\/strong>, Founder of Digital New Deal[\/vc_column_text][\/vc_column][\/vc_row][vc_row unlock_row_content=&#8221;yes&#8221; row_height_percent=&#8221;0&#8243; overlay_alpha=&#8221;50&#8243; equal_height=&#8221;yes&#8221; gutter_size=&#8221;3&#8243; shift_y=&#8221;0&#8243;][vc_column column_width_percent=&#8221;100&#8243; position_vertical=&#8221;middle&#8221; gutter_size=&#8221;3&#8243; font_family=&#8221;font-168650&#8243; overlay_alpha=&#8221;50&#8243; shift_x=&#8221;0&#8243; shift_y=&#8221;0&#8243; shift_y_down=&#8221;0&#8243; z_index=&#8221;0&#8243; medium_width=&#8221;0&#8243; mobile_width=&#8221;0&#8243;][vc_gallery el_id=&#8221;gallery-684622&#8243; isotope_mode=&#8221;fitRows&#8221; medias=&#8221;60505,62111,60507,61103,60739,60605,60509,62109,60511,63136,63134,63132&#8243; gutter_size=&#8221;3&#8243; media_items=&#8221;media|custom_link|original,title,sep-one|full,caption&#8221; screen_lg=&#8221;1000&#8243; screen_md=&#8221;600&#8243; screen_sm=&#8221;480&#8243; single_text=&#8221;under&#8221; single_width=&#8221;3&#8243; single_overlay_coloration=&#8221;bottom_gradient&#8221; single_overlay_opacity=&#8221;50&#8243; single_v_position=&#8221;bottom&#8221; single_padding=&#8221;1&#8243; single_text_reduced=&#8221;yes&#8221; single_title_family=&#8221;font-168650&#8243; single_title_dimension=&#8221;h5&#8243; single_title_weight=&#8221;400&#8243; single_css_animation=&#8221;bottom-t-top&#8221; lbox_title=&#8221;yes&#8221; lbox_caption=&#8221;yes&#8221; title=&#8221;Les membres du conseil d\u2019administration de la fondation digital new deal&#8221; items=&#8221;eyI1NzE2OF9pIjp7InNpbmdsZV9saW5rIjoiIiwic2luZ2xlX2xheW91dF9tZWRpYV9pdGVtcyI6Im1lZGlhfG5vbGlua3xvcmlnaW5hbCx0aXRsZSxzZXAtb25lfGZ1bGwsY2FwdGlvbiJ9LCI1NzE2OV9pIjp7InNpbmdsZV9saW5rIjoidXJsOmh0dHAlM0ElMkYlMkZ3d3cudGhlZGlnaXRhbG5ld2RlYWwuZXUlMkZjb25zZWlsLWFkbWluaXN0cmF0aW9uJTJGJTIzbGF1cmVudC1hbGV4YW5kcmV8fHwifSwiNTcxNzBfaSI6eyJzaW5nbGVfbGluayI6IiIsInNpbmdsZV9sYXlvdXRfbWVkaWFfaXRlbXMiOiJtZWRpYXxub2xpbmt8b3JpZ2luYWwsdGl0bGUsc2VwLW9uZXxmdWxsLGNhcHRpb24ifSwiNTcxODJfaSI6eyJzaW5nbGVfbGluayI6IiIsInNpbmdsZV9sYXlvdXRfbWVkaWFfaXRlbXMiOiJtZWRpYXxub2xpbmt8b3JpZ2luYWwsdGl0bGUsc2VwLW9uZXxmdWxsLGNhcHRpb24ifSwiNTcxODFfaSI6eyJzaW5nbGVfbGluayI6InVybDpodHRwJTNBJTJGJTJGd3d3LnRoZWRpZ2l0YWxuZXdkZWFsLmV1JTJGY29uc2VpbC1hZG1pbmlzdHJhdGlvbiUyRiUyM21pY2hlbC1jb21iZXN8fHwifSwiNTcxODRfaSI6eyJzaW5nbGVfbGluayI6IiIsInNpbmdsZV9sYXlvdXRfbWVkaWFfaXRlbXMiOiJtZWRpYXxub2xpbmt8b3JpZ2luYWwsdGl0bGUsc2VwLW9uZXxmdWxsLGNhcHRpb24ifSwiNTcxODVfaSI6eyJzaW5nbGVfbGluayI6IiIsInNpbmdsZV9sYXlvdXRfbWVkaWFfaXRlbXMiOiJtZWRpYXxub2xpbmt8b3JpZ2luYWwsdGl0bGUsc2VwLW9uZXxmdWxsLGNhcHRpb24ifSwiNTcxODZfaSI6eyJzaW5nbGVfbGluayI6IiIsInNpbmdsZV9sYXlvdXRfbWVkaWFfaXRlbXMiOiJtZWRpYXxub2xpbmt8b3JpZ2luYWwsdGl0bGUsc2VwLW9uZXxmdWxsLGNhcHRpb24ifSwiNTcxODdfaSI6eyJzaW5nbGVfbGluayI6IiIsInNpbmdsZV9sYXlvdXRfbWVkaWFfaXRlbXMiOiJtZWRpYXxub2xpbmt8b3JpZ2luYWwsdGl0bGUsc2VwLW9uZXxmdWxsLGNhcHRpb24ifSwiNTczMDBfaSI6eyJzaW5nbGVfbGluayI6IiIsInNpbmdsZV9sYXlvdXRfbWVkaWFfaXRlbXMiOiJtZWRpYXxub2xpbmt8b3JpZ2luYWwsdGl0bGUsc2VwLW9uZXxmdWxsLGNhcHRpb24ifSwiNjExMDJfaSI6eyJzaW5nbGVfbGluayI6IiIsInNpbmdsZV9sYXlvdXRfbWVkaWFfaXRlbXMiOiJtZWRpYXxub2xpbmt8b3JpZ2luYWwsdGl0bGUsc2VwLW9uZXxmdWxsLGNhcHRpb24ifSwiNjE1MzZfaSI6eyJzaW5nbGVfbGluayI6InVybDpodHRwJTNBJTJGJTJGd3d3LnRoZWRpZ2l0YWxuZXdkZWFsLmV1JTJGY29uc2VpbC1hZG1pbmlzdHJhdGlvbiUyRiUyM3NlYmFzdGllbi1iYXppbiJ9LCI2MTUyNF9pIjp7InNpbmdsZV9saW5rIjoidXJsOmh0dHAlM0ElMkYlMkZ3d3cudGhlZGlnaXRhbG5ld2RlYWwuZXUlMkZjb25zZWlsLWFkbWluaXN0cmF0aW9uJTJGJTIzbmljb2xhcy1kdWZvdXJjcSJ9LCI2MTU0MF9pIjp7InNpbmdsZV9saW5rIjoidXJsOiUyMGh0dHAlM0ElMkYlMkZ3d3cudGhlZGlnaXRhbG5ld2RlYWwuZXUlMkZjb25zZWlsLWFkbWluaXN0cmF0aW9uJTJGJTIzYXJuby1wb25zIn0sIjYxNTMwX2kiOnsic2luZ2xlX2xpbmsiOiJ1cmw6aHR0cCUzQSUyRiUyRnd3dy50aGVkaWdpdGFsbmV3ZGVhbC5ldSUyRmNvbnNlaWwtYWRtaW5pc3RyYXRpb24lMkYlMjNyb2JlcnQtemFyYWRlciJ9LCI2MTUzNF9pIjp7InNpbmdsZV9saW5rIjoidXJsOmh0dHAlM0ElMkYlMkZ3d3cudGhlZGlnaXRhbG5ld2RlYWwuZXUlMkZjb25zZWlsLWFkbWluaXN0cmF0aW9uJTJGJTIzb2xpdmllci1zaWNoZWwifSwiNjE1MjhfaSI6eyJzaW5nbGVfbGluayI6InVybDpodHRwJTNBJTJGJTJGd3d3LnRoZWRpZ2l0YWxuZXdkZWFsLmV1JTJGY29uc2VpbC1hZG1pbmlzdHJhdGlvbiUyRiUyM2p1ZGl0aC1yb2NoZmVsZCJ9LCI2MTU0Ml9pIjp7InNpbmdsZV9saW5rIjoidXJsOmh0dHBzJTNBJTJGJTJGd3d3LnRoZWRpZ2l0YWxuZXdkZWFsLm9yZyUyRmNvbnNlaWwtYWRtaW5pc3RyYXRpb24lMkYlMjNheGVsbGUtbGVtYWlyZSJ9LCI2MTUyNl9pIjp7InNpbmdsZV9saW5rIjoidXJsOmh0dHAlM0ElMkYlMkZ3d3cudGhlZGlnaXRhbG5ld2RlYWwuZXUlMkZjb25zZWlsLWFkbWluaXN0cmF0aW9uJTJGJTIzeXZlcy1wb2lsYW5lIn0sIjYxNTMyX2kiOnsic2luZ2xlX2xpbmsiOiJ1cmw6aHR0cCUzQSUyRiUyRnd3dy50aGVkaWdpdGFsbmV3ZGVhbC5ldSUyRmNvbnNlaWwtYWRtaW5pc3RyYXRpb24lMkYlMjNhbGFpbi1taW5jIn0sIjYwMjMzX2kiOnsic2luZ2xlX2xpbmsiOiIiLCJzaW5nbGVfbGF5b3V0X21lZGlhX2l0ZW1zIjoibWVkaWF8bm9saW5rfG9yaWdpbmFsLHRpdGxlLHNlcC1vbmV8ZnVsbCxjYXB0aW9uIn19&#8243; uncode_shortcode_id=&#8221;812304&#8243;][\/vc_column][\/vc_row][vc_row row_height_percent=&#8221;0&#8243; override_padding=&#8221;yes&#8221; h_padding=&#8221;4&#8243; top_padding=&#8221;0&#8243; bottom_padding=&#8221;0&#8243; back_color=&#8221;accent&#8221; overlay_alpha=&#8221;100&#8243; gutter_size=&#8221;3&#8243; column_width_percent=&#8221;100&#8243; shift_y=&#8221;0&#8243; z_index=&#8221;0&#8243;][vc_column column_width_percent=&#8221;100&#8243; align_horizontal=&#8221;align_center&#8221; gutter_size=&#8221;0&#8243; overlay_alpha=&#8221;50&#8243; shift_x=&#8221;0&#8243; shift_y=&#8221;0&#8243; shift_y_down=&#8221;0&#8243; z_index=&#8221;0&#8243; medium_width=&#8221;0&#8243; mobile_width=&#8221;0&#8243;][vc_row_inner row_inner_height_percent=&#8221;0&#8243; back_color=&#8221;color-xsdn&#8221; overlay_alpha=&#8221;50&#8243; gutter_size=&#8221;0&#8243; shift_y=&#8221;0&#8243; z_index=&#8221;0&#8243;][vc_column_inner column_width_percent=&#8221;100&#8243; gutter_size=&#8221;3&#8243; font_family=&#8221;font-168650&#8243; back_color=&#8221;color-xsdn&#8221; overlay_alpha=&#8221;50&#8243; shift_x=&#8221;0&#8243; shift_y=&#8221;0&#8243; shift_y_down=&#8221;0&#8243; z_index=&#8221;0&#8243; medium_width=&#8221;0&#8243; mobile_width=&#8221;0&#8243; width=&#8221;1\/1&#8243;][vc_custom_heading text_color=&#8221;color-159048&#8243; heading_semantic=&#8221;h1&#8243; text_font=&#8221;font-168650&#8243; text_size=&#8221;fontsize-155944&#8243; text_weight=&#8221;400&#8243; text_space=&#8221;fontspace-111509&#8243;]<span style=\"text-align: left;\">FUNDING<\/span>[\/vc_custom_heading][\/vc_column_inner][\/vc_row_inner][vc_row_inner row_inner_height_percent=&#8221;0&#8243; back_color=&#8221;color-xsdn&#8221; overlay_alpha=&#8221;50&#8243; equal_height=&#8221;yes&#8221; gutter_size=&#8221;2&#8243; shift_y=&#8221;0&#8243; z_index=&#8221;0&#8243;][vc_column_inner column_width_percent=&#8221;100&#8243; position_horizontal=&#8221;left&#8221; gutter_size=&#8221;0&#8243; override_padding=&#8221;yes&#8221; column_padding=&#8221;2&#8243; expand_height=&#8221;yes&#8221; font_family=&#8221;font-168650&#8243; back_color=&#8221;color-xsdn&#8221; overlay_alpha=&#8221;50&#8243; shift_x=&#8221;0&#8243; shift_y=&#8221;0&#8243; shift_y_down=&#8221;0&#8243; z_index=&#8221;0&#8243; medium_width=&#8221;0&#8243; mobile_width=&#8221;0&#8243; width=&#8221;1\/2&#8243;][vc_column_text text_lead=&#8221;yes&#8221;]<\/p>\n<p><strong>Most of the think tank&#8217;s funding comes from the board members&#8217; annual membership fees, which range from \u20ac10,000 to \u20ac20,000. In 2020 : <\/strong><\/p>\n<ul>\n<li>Accor<\/li>\n<li>AM Conseil<\/li>\n<li>Bpifrance<\/li>\n<li>Bona fid\u00e9<\/li>\n<li>OS Conseil<\/li>\n<\/ul>\n<p>[\/vc_column_text][\/vc_column_inner][vc_column_inner column_width_percent=&#8221;100&#8243; position_horizontal=&#8221;left&#8221; gutter_size=&#8221;0&#8243; override_padding=&#8221;yes&#8221; column_padding=&#8221;2&#8243; expand_height=&#8221;yes&#8221; overlay_alpha=&#8221;50&#8243; shift_x=&#8221;0&#8243; shift_y=&#8221;0&#8243; shift_y_down=&#8221;0&#8243; z_index=&#8221;0&#8243; medium_width=&#8221;0&#8243; mobile_width=&#8221;0&#8243; width=&#8221;1\/2&#8243;][vc_column_text text_lead=&#8221;yes&#8221;]<strong style=\"font-family: -apple-system, BlinkMacSystemFont, 'Segoe UI', Roboto, Oxygen-Sans, Ubuntu, Cantarell, 'Helvetica Neue', sans-serif;\">The rest of the funding comes from the following exterior companies subscriptions :<\/strong><\/p>\n<ul>\n<li>Covea<\/li>\n<li>Jolt Capital<\/li>\n<li>Paylib<\/li>\n<li>Qualium Investissement<\/li>\n<\/ul>\n<p>[\/vc_column_text][\/vc_column_inner][\/vc_row_inner][vc_row_inner row_inner_height_percent=&#8221;0&#8243; back_color=&#8221;color-xsdn&#8221; overlay_alpha=&#8221;50&#8243; gutter_size=&#8221;0&#8243; shift_y=&#8221;0&#8243; z_index=&#8221;0&#8243;][vc_column_inner column_width_percent=&#8221;100&#8243; gutter_size=&#8221;3&#8243; font_family=&#8221;font-168650&#8243; back_color=&#8221;color-xsdn&#8221; overlay_alpha=&#8221;50&#8243; shift_x=&#8221;0&#8243; shift_y=&#8221;0&#8243; shift_y_down=&#8221;0&#8243; z_index=&#8221;0&#8243; medium_width=&#8221;0&#8243; mobile_width=&#8221;0&#8243; width=&#8221;1\/1&#8243;][vc_column_text text_lead=&#8221;yes&#8221;]<strong style=\"font-family: -apple-system, BlinkMacSystemFont, 'Segoe UI', Roboto, Oxygen-Sans, Ubuntu, Cantarell, 'Helvetica Neue', sans-serif;\">For 2020, the think tank&#8217;s means amount of \u20ac90,000. It comprises 70% of the board members&#8217; annual membership and 30% of exterior companies subscriptions.<\/strong>[\/vc_column_text][vc_separator sep_color=&#8221;,Default&#8221;][\/vc_column_inner][\/vc_row_inner][vc_row_inner][vc_column_inner column_width_percent=&#8221;100&#8243; gutter_size=&#8221;3&#8243; font_family=&#8221;font-168650&#8243; back_color=&#8221;color-xsdn&#8221; overlay_alpha=&#8221;50&#8243; shift_x=&#8221;0&#8243; shift_y=&#8221;0&#8243; shift_y_down=&#8221;0&#8243; z_index=&#8221;0&#8243; medium_width=&#8221;0&#8243; mobile_width=&#8221;0&#8243; width=&#8221;1\/1&#8243;][vc_custom_heading text_color=&#8221;color-159048&#8243; heading_semantic=&#8221;h1&#8243; text_font=&#8221;font-168650&#8243; text_size=&#8221;fontsize-155944&#8243; text_weight=&#8221;400&#8243; text_space=&#8221;fontspace-111509&#8243;]<span style=\"text-align: left;\">SIGNATORIES OF \u00ab\u00a0PACTE NUMERIQUE\u00a0\u00bb<\/span>[\/vc_custom_heading][vc_empty_space empty_h=&#8221;2&#8243; mobile_visibility=&#8221;yes&#8221;][vc_gallery el_id=&#8221;gallery-6846222&#8243; isotope_mode=&#8221;fitRows&#8221; medias=&#8221;60513,60514,60515,60516,60517,60518,60519,60520,60521,60522,60523,60524,60525,60526,60527,60528,60529,60530,60531,60532,60533,60534,60535,60536,60537,60538,60539,60540,60541,60542,60543,60544,60545,60546,60547,60548,60549,60550,60551,60552,60553,60554,60555,60556,60557,60558,60559,60560,60561,60562,60563,60564,60565,60566,60567,60568,60569,60570,60571,60572,60573,60574,60702,60575,60576,60577,60578,60579,60580,60581,60582,60583,60584,60585,60586,60587,60588,60589,60590,60591,60592,60593,60594,60595,60596,60597,60598,60599,60600,60601,60602,60603,60604&#8243; filtering=&#8221;yes&#8221; filtering_full_width=&#8221;yes&#8221; gutter_size=&#8221;2&#8243; media_items=&#8221;media|lightbox|original,title,caption&#8221; screen_lg=&#8221;1000&#8243; screen_md=&#8221;600&#8243; screen_sm=&#8221;480&#8243; single_text=&#8221;under&#8221; single_width=&#8221;2&#8243; single_overlay_coloration=&#8221;bottom_gradient&#8221; single_overlay_opacity=&#8221;50&#8243; single_v_position=&#8221;bottom&#8221; single_padding=&#8221;1&#8243; single_text_reduced=&#8221;yes&#8221; single_title_family=&#8221;font-168650&#8243; single_title_dimension=&#8221;h5&#8243; single_title_weight=&#8221;400&#8243; single_css_animation=&#8221;bottom-t-top&#8221; lbox_title=&#8221;yes&#8221; lbox_caption=&#8221;yes&#8221; title=&#8221;Board members of the foundation&#8221;][\/vc_column_inner][\/vc_row_inner][\/vc_column][\/vc_row]<\/p>\n<\/div>","protected":false},"excerpt":{"rendered":"<p>[vc_row unlock_row_content=&#8221;yes&#8221; row_height_percent=&#8221;0&#8243; override_padding=&#8221;yes&#8221; h_padding=&#8221;0&#8243; top_padding=&#8221;0&#8243; bottom_padding=&#8221;0&#8243; overlay_alpha=&#8221;50&#8243; equal_height=&#8221;yes&#8221; gutter_size=&#8221;0&#8243; shift_y=&#8221;0&#8243;][vc_column column_width_percent=&#8221;100&#8243; gutter_size=&#8221;3&#8243; override_padding=&#8221;yes&#8221; column_padding=&#8221;4&#8243; style=&#8221;dark&#8221; font_family=&#8221;font-168650&#8243; back_color=&#8221;color-209500&#8243; overlay_color=&#8221;color-159048&#8243; overlay_alpha=&#8221;80&#8243; [&hellip;]<\/p>\n","protected":false},"author":1,"featured_media":57342,"parent":0,"menu_order":0,"comment_status":"closed","ping_status":"closed","template":"","meta":{"_exactmetrics_skip_tracking":false,"_exactmetrics_sitenote_active":false,"_exactmetrics_sitenote_note":"","_exactmetrics_sitenote_category":0,"footnotes":""},"class_list":["post-60908","page","type-page","status-publish","has-post-thumbnail","hentry"],"yoast_head":"<!-- This site is optimized with the Yoast SEO plugin v27.4 - https:\/\/yoast.com\/product\/yoast-seo-wordpress\/ -->\n<title>Members - Digital New Deal<\/title>\n<meta name=\"description\" content=\"THE DIGITAL NEW DEAL THINK-TANK, FOR AN ENLIGHTENED, HUMANISTIC AND EUROPEAN INTERNET. Olivier Sichel Pr\u00e9sident, Arno Pons d\u00e9l\u00e9gu\u00e9 g\u00e9n\u00e9ral.\" \/>\n<meta name=\"robots\" content=\"index, follow, max-snippet:-1, max-image-preview:large, max-video-preview:-1\" \/>\n<link rel=\"canonical\" href=\"https:\/\/www.thedigitalnewdeal.org\/en\/members\/\" \/>\n<meta property=\"og:locale\" content=\"en_US\" \/>\n<meta property=\"og:type\" content=\"article\" \/>\n<meta property=\"og:title\" content=\"Members - Digital New Deal\" \/>\n<meta property=\"og:description\" content=\"THE DIGITAL NEW DEAL THINK-TANK, FOR AN ENLIGHTENED, HUMANISTIC AND EUROPEAN INTERNET. Olivier Sichel Pr\u00e9sident, Arno Pons d\u00e9l\u00e9gu\u00e9 g\u00e9n\u00e9ral.\" \/>\n<meta property=\"og:url\" content=\"https:\/\/www.thedigitalnewdeal.org\/en\/members\/\" \/>\n<meta property=\"og:site_name\" content=\"Digital New Deal\" \/>\n<meta property=\"article:modified_time\" content=\"2026-01-12T19:44:04+00:00\" \/>\n<meta property=\"og:image\" content=\"https:\/\/www.thedigitalnewdeal.org\/wp-content\/uploads\/2017\/04\/The-Digital-New-Deal-Foundation-005.jpg\" \/>\n\t<meta property=\"og:image:width\" content=\"3170\" \/>\n\t<meta property=\"og:image:height\" content=\"1783\" \/>\n\t<meta property=\"og:image:type\" content=\"image\/jpeg\" \/>\n<meta name=\"twitter:card\" content=\"summary_large_image\" \/>\n<meta name=\"twitter:site\" content=\"@Digital_NewDeal\" \/>\n<meta name=\"twitter:label1\" content=\"Est. reading time\" \/>\n\t<meta name=\"twitter:data1\" content=\"6 minutes\" \/>\n<script type=\"application\/ld+json\" class=\"yoast-schema-graph\">{\"@context\":\"https:\\\/\\\/schema.org\",\"@graph\":[{\"@type\":\"WebPage\",\"@id\":\"https:\\\/\\\/www.thedigitalnewdeal.org\\\/en\\\/members\\\/\",\"url\":\"https:\\\/\\\/www.thedigitalnewdeal.org\\\/en\\\/members\\\/\",\"name\":\"Members - Digital New Deal\",\"isPartOf\":{\"@id\":\"https:\\\/\\\/www.thedigitalnewdeal.org\\\/en\\\/#website\"},\"primaryImageOfPage\":{\"@id\":\"https:\\\/\\\/www.thedigitalnewdeal.org\\\/en\\\/members\\\/#primaryimage\"},\"image\":{\"@id\":\"https:\\\/\\\/www.thedigitalnewdeal.org\\\/en\\\/members\\\/#primaryimage\"},\"thumbnailUrl\":\"https:\\\/\\\/www.thedigitalnewdeal.org\\\/wp-content\\\/uploads\\\/2017\\\/04\\\/The-Digital-New-Deal-Foundation-005.jpg\",\"datePublished\":\"2020-08-19T08:34:05+00:00\",\"dateModified\":\"2026-01-12T19:44:04+00:00\",\"description\":\"THE DIGITAL NEW DEAL THINK-TANK, FOR AN ENLIGHTENED, HUMANISTIC AND EUROPEAN INTERNET. Olivier Sichel Pr\u00e9sident, Arno Pons d\u00e9l\u00e9gu\u00e9 g\u00e9n\u00e9ral.\",\"breadcrumb\":{\"@id\":\"https:\\\/\\\/www.thedigitalnewdeal.org\\\/en\\\/members\\\/#breadcrumb\"},\"inLanguage\":\"en-US\",\"potentialAction\":[{\"@type\":\"ReadAction\",\"target\":[\"https:\\\/\\\/www.thedigitalnewdeal.org\\\/en\\\/members\\\/\"]}]},{\"@type\":\"ImageObject\",\"inLanguage\":\"en-US\",\"@id\":\"https:\\\/\\\/www.thedigitalnewdeal.org\\\/en\\\/members\\\/#primaryimage\",\"url\":\"https:\\\/\\\/www.thedigitalnewdeal.org\\\/wp-content\\\/uploads\\\/2017\\\/04\\\/The-Digital-New-Deal-Foundation-005.jpg\",\"contentUrl\":\"https:\\\/\\\/www.thedigitalnewdeal.org\\\/wp-content\\\/uploads\\\/2017\\\/04\\\/The-Digital-New-Deal-Foundation-005.jpg\",\"width\":3170,\"height\":1783,\"caption\":\"mise en avant\"},{\"@type\":\"BreadcrumbList\",\"@id\":\"https:\\\/\\\/www.thedigitalnewdeal.org\\\/en\\\/members\\\/#breadcrumb\",\"itemListElement\":[{\"@type\":\"ListItem\",\"position\":1,\"name\":\"Accueil\",\"item\":\"https:\\\/\\\/www.thedigitalnewdeal.org\\\/en\\\/\"},{\"@type\":\"ListItem\",\"position\":2,\"name\":\"Members\"}]},{\"@type\":\"WebSite\",\"@id\":\"https:\\\/\\\/www.thedigitalnewdeal.org\\\/en\\\/#website\",\"url\":\"https:\\\/\\\/www.thedigitalnewdeal.org\\\/en\\\/\",\"name\":\"Digital New Deal\",\"description\":\"Accompagner les changements que la transition num\u00e9rique\",\"publisher\":{\"@id\":\"https:\\\/\\\/www.thedigitalnewdeal.org\\\/en\\\/#organization\"},\"potentialAction\":[{\"@type\":\"SearchAction\",\"target\":{\"@type\":\"EntryPoint\",\"urlTemplate\":\"https:\\\/\\\/www.thedigitalnewdeal.org\\\/en\\\/?s={search_term_string}\"},\"query-input\":{\"@type\":\"PropertyValueSpecification\",\"valueRequired\":true,\"valueName\":\"search_term_string\"}}],\"inLanguage\":\"en-US\"},{\"@type\":\"Organization\",\"@id\":\"https:\\\/\\\/www.thedigitalnewdeal.org\\\/en\\\/#organization\",\"name\":\"The Digital New Deal\",\"url\":\"https:\\\/\\\/www.thedigitalnewdeal.org\\\/en\\\/\",\"logo\":{\"@type\":\"ImageObject\",\"inLanguage\":\"en-US\",\"@id\":\"https:\\\/\\\/www.thedigitalnewdeal.org\\\/en\\\/#\\\/schema\\\/logo\\\/image\\\/\",\"url\":\"https:\\\/\\\/www.thedigitalnewdeal.org\\\/wp-content\\\/uploads\\\/2017\\\/06\\\/Logo-DigitalNewDealFoundation.svg\",\"contentUrl\":\"https:\\\/\\\/www.thedigitalnewdeal.org\\\/wp-content\\\/uploads\\\/2017\\\/06\\\/Logo-DigitalNewDealFoundation.svg\",\"width\":\"300\",\"height\":\"154\",\"caption\":\"The Digital New Deal\"},\"image\":{\"@id\":\"https:\\\/\\\/www.thedigitalnewdeal.org\\\/en\\\/#\\\/schema\\\/logo\\\/image\\\/\"},\"sameAs\":[\"https:\\\/\\\/x.com\\\/Digital_NewDeal\",\"https:\\\/\\\/www.linkedin.com\\\/company-beta\\\/11084756\\\/\"]}]}<\/script>\n<!-- \/ Yoast SEO plugin. -->","yoast_head_json":{"title":"Members - Digital New Deal","description":"THE DIGITAL NEW DEAL THINK-TANK, FOR AN ENLIGHTENED, HUMANISTIC AND EUROPEAN INTERNET. Olivier Sichel Pr\u00e9sident, Arno Pons d\u00e9l\u00e9gu\u00e9 g\u00e9n\u00e9ral.","robots":{"index":"index","follow":"follow","max-snippet":"max-snippet:-1","max-image-preview":"max-image-preview:large","max-video-preview":"max-video-preview:-1"},"canonical":"https:\/\/www.thedigitalnewdeal.org\/en\/members\/","og_locale":"en_US","og_type":"article","og_title":"Members - Digital New Deal","og_description":"THE DIGITAL NEW DEAL THINK-TANK, FOR AN ENLIGHTENED, HUMANISTIC AND EUROPEAN INTERNET. Olivier Sichel Pr\u00e9sident, Arno Pons d\u00e9l\u00e9gu\u00e9 g\u00e9n\u00e9ral.","og_url":"https:\/\/www.thedigitalnewdeal.org\/en\/members\/","og_site_name":"Digital New Deal","article_modified_time":"2026-01-12T19:44:04+00:00","og_image":[{"width":3170,"height":1783,"url":"https:\/\/www.thedigitalnewdeal.org\/wp-content\/uploads\/2017\/04\/The-Digital-New-Deal-Foundation-005.jpg","type":"image\/jpeg"}],"twitter_card":"summary_large_image","twitter_site":"@Digital_NewDeal","twitter_misc":{"Est. reading time":"6 minutes"},"schema":{"@context":"https:\/\/schema.org","@graph":[{"@type":"WebPage","@id":"https:\/\/www.thedigitalnewdeal.org\/en\/members\/","url":"https:\/\/www.thedigitalnewdeal.org\/en\/members\/","name":"Members - Digital New Deal","isPartOf":{"@id":"https:\/\/www.thedigitalnewdeal.org\/en\/#website"},"primaryImageOfPage":{"@id":"https:\/\/www.thedigitalnewdeal.org\/en\/members\/#primaryimage"},"image":{"@id":"https:\/\/www.thedigitalnewdeal.org\/en\/members\/#primaryimage"},"thumbnailUrl":"https:\/\/www.thedigitalnewdeal.org\/wp-content\/uploads\/2017\/04\/The-Digital-New-Deal-Foundation-005.jpg","datePublished":"2020-08-19T08:34:05+00:00","dateModified":"2026-01-12T19:44:04+00:00","description":"THE DIGITAL NEW DEAL THINK-TANK, FOR AN ENLIGHTENED, HUMANISTIC AND EUROPEAN INTERNET. Olivier Sichel Pr\u00e9sident, Arno Pons d\u00e9l\u00e9gu\u00e9 g\u00e9n\u00e9ral.","breadcrumb":{"@id":"https:\/\/www.thedigitalnewdeal.org\/en\/members\/#breadcrumb"},"inLanguage":"en-US","potentialAction":[{"@type":"ReadAction","target":["https:\/\/www.thedigitalnewdeal.org\/en\/members\/"]}]},{"@type":"ImageObject","inLanguage":"en-US","@id":"https:\/\/www.thedigitalnewdeal.org\/en\/members\/#primaryimage","url":"https:\/\/www.thedigitalnewdeal.org\/wp-content\/uploads\/2017\/04\/The-Digital-New-Deal-Foundation-005.jpg","contentUrl":"https:\/\/www.thedigitalnewdeal.org\/wp-content\/uploads\/2017\/04\/The-Digital-New-Deal-Foundation-005.jpg","width":3170,"height":1783,"caption":"mise en avant"},{"@type":"BreadcrumbList","@id":"https:\/\/www.thedigitalnewdeal.org\/en\/members\/#breadcrumb","itemListElement":[{"@type":"ListItem","position":1,"name":"Accueil","item":"https:\/\/www.thedigitalnewdeal.org\/en\/"},{"@type":"ListItem","position":2,"name":"Members"}]},{"@type":"WebSite","@id":"https:\/\/www.thedigitalnewdeal.org\/en\/#website","url":"https:\/\/www.thedigitalnewdeal.org\/en\/","name":"Digital New Deal","description":"Accompagner les changements que la transition num\u00e9rique","publisher":{"@id":"https:\/\/www.thedigitalnewdeal.org\/en\/#organization"},"potentialAction":[{"@type":"SearchAction","target":{"@type":"EntryPoint","urlTemplate":"https:\/\/www.thedigitalnewdeal.org\/en\/?s={search_term_string}"},"query-input":{"@type":"PropertyValueSpecification","valueRequired":true,"valueName":"search_term_string"}}],"inLanguage":"en-US"},{"@type":"Organization","@id":"https:\/\/www.thedigitalnewdeal.org\/en\/#organization","name":"The Digital New Deal","url":"https:\/\/www.thedigitalnewdeal.org\/en\/","logo":{"@type":"ImageObject","inLanguage":"en-US","@id":"https:\/\/www.thedigitalnewdeal.org\/en\/#\/schema\/logo\/image\/","url":"https:\/\/www.thedigitalnewdeal.org\/wp-content\/uploads\/2017\/06\/Logo-DigitalNewDealFoundation.svg","contentUrl":"https:\/\/www.thedigitalnewdeal.org\/wp-content\/uploads\/2017\/06\/Logo-DigitalNewDealFoundation.svg","width":"300","height":"154","caption":"The Digital New Deal"},"image":{"@id":"https:\/\/www.thedigitalnewdeal.org\/en\/#\/schema\/logo\/image\/"},"sameAs":["https:\/\/x.com\/Digital_NewDeal","https:\/\/www.linkedin.com\/company-beta\/11084756\/"]}]}},"_links":{"self":[{"href":"https:\/\/www.thedigitalnewdeal.org\/en\/wp-json\/wp\/v2\/pages\/60908","targetHints":{"allow":["GET"]}}],"collection":[{"href":"https:\/\/www.thedigitalnewdeal.org\/en\/wp-json\/wp\/v2\/pages"}],"about":[{"href":"https:\/\/www.thedigitalnewdeal.org\/en\/wp-json\/wp\/v2\/types\/page"}],"author":[{"embeddable":true,"href":"https:\/\/www.thedigitalnewdeal.org\/en\/wp-json\/wp\/v2\/users\/1"}],"replies":[{"embeddable":true,"href":"https:\/\/www.thedigitalnewdeal.org\/en\/wp-json\/wp\/v2\/comments?post=60908"}],"version-history":[{"count":44,"href":"https:\/\/www.thedigitalnewdeal.org\/en\/wp-json\/wp\/v2\/pages\/60908\/revisions"}],"predecessor-version":[{"id":63151,"href":"https:\/\/www.thedigitalnewdeal.org\/en\/wp-json\/wp\/v2\/pages\/60908\/revisions\/63151"}],"wp:featuredmedia":[{"embeddable":true,"href":"https:\/\/www.thedigitalnewdeal.org\/en\/wp-json\/wp\/v2\/media\/57342"}],"wp:attachment":[{"href":"https:\/\/www.thedigitalnewdeal.org\/en\/wp-json\/wp\/v2\/media?parent=60908"}],"curies":[{"name":"wp","href":"https:\/\/api.w.org\/{rel}","templated":true}]}}