{"id":60977,"date":"2021-01-04T12:54:35","date_gmt":"2021-01-04T11:54:35","guid":{"rendered":"https:\/\/www.thedigitalnewdeal.org\/?page_id=60977"},"modified":"2021-01-04T12:54:35","modified_gmt":"2021-01-04T11:54:35","slug":"legal-notice","status":"publish","type":"page","link":"https:\/\/www.thedigitalnewdeal.org\/en\/legal-notice\/","title":{"rendered":"Legal notice"},"content":{"rendered":"<div class=\"wpb-content-wrapper\"><p>[vc_row][vc_column width=&#8221;1\/1&#8243;][vc_column_text]<\/p>\n<h2>MENTIONS LEGALES<\/h2>\n<p>Le site <a href=\"https:\/\/www.thedigitalnewdeal.org\/\" target=\"_blank\" rel=\"noopener noreferrer\">https:\/\/www.thedigitalnewdeal.org\/<\/a> (ci-apr\u00e8s &#8220;le Site&#8221;) est \u00e9dit\u00e9 par Digital New Deal, association loi 1901 d\u00e9clar\u00e9e dont l\u2019identifiant SIREN est 843 841 388, domicili\u00e9e au 5 rue Monceau, 75008 Paris. Le directeur de la publication du Site est Monsieur Arno Pons, d\u00e9l\u00e9gu\u00e9 g\u00e9n\u00e9ral de l\u2019association. H\u00e9bergement : le nom de domaine est h\u00e9berg\u00e9 par la soci\u00e9t\u00e9 OVH \u2013 https:\/\/www.ovh.com OVH SAS au capital de 500 k\u20ac RCS Roubaix \u2013 Tourcoing 424 761 419 00011 Si\u00e8ge social : 140 Quai du Sartel \u2013 59100 Roubaix \u2013 France.<\/p>\n<p>\u00e9diteur : <a href=\"https:\/\/www.linkedin.com\/in\/arnopons\/\" target=\"_blank\" rel=\"noopener noreferrer\">Arno Pons<\/a><\/p>\n<p>design : <a href=\"https:\/\/www.linkedin.com\/in\/emeric-zahnd-53624b\/\" target=\"_blank\" rel=\"noopener noreferrer\">emeric zahnd\u00a0<\/a><\/p>\n<p>d\u00e9veloppement : <a href=\"https:\/\/www.linkedin.com\/in\/alexsebbane\/\" target=\"_blank\" rel=\"noopener noreferrer\">Alexandre Sebbane<\/a><\/p>\n<h2>PROTECTION DES DONNEES PERSONNELLES<\/h2>\n<p>Le terme \u00ab Donn\u00e9es Personnelles \u00bb d\u00e9signe toute information relative \u00e0 une personne physique identifi\u00e9e ou qui peut \u00eatre identifi\u00e9e, directement ou indirectement, par r\u00e9f\u00e9rence \u00e0 un num\u00e9ro d&#8217;identification ou \u00e0 un ou plusieurs \u00e9l\u00e9ments qui lui sont propres, conform\u00e9ment \u00e0 l\u2019article 4 du R\u00e8glement (UE) n\u00b02016-679 du 27 avril 2016 sur la protection des donn\u00e9es personnelles (le \u00ab RGPD \u00bb). Dans le cadre de l\u2019acc\u00e8s et de l\u2019utilisation du Site par tout Internaute, Digital New Deal est amen\u00e9e \u00e0 collecter, utiliser et conserver, en qualit\u00e9 de responsable de traitement, des Donn\u00e9es Personnelles relatives \u00e0 celui-ci.<\/p>\n<p>Le traitement des Donn\u00e9es Personnelles de l\u2019Utilisateur est r\u00e9gi notamment par le RGPD et par la loi fran\u00e7aise n\u00b078-17 du 6 janvier 1978 modifi\u00e9e (ci-apr\u00e8s la \u00ab Loi Informatique et Libert\u00e9s \u00bb) et des travaux de la Commission Nationale de l\u2019Informatique et des Libert\u00e9s (ci-apr\u00e8s la \u00ab CNIL \u00bb). Toutes les donn\u00e9es relatives \u00e0 l\u2019utilisation du Site collect\u00e9es, le cas \u00e9ch\u00e9ant au moyen de cookies tel qu\u2019expos\u00e9\u00a0dans la page d\u00e9di\u00e9e, sont exploit\u00e9es par Digital New Deal dans le but de fournir et d\u2019am\u00e9liore le Site et l\u2019ensemble des fonctionnalit\u00e9s propos\u00e9es par le Site. Elles sont partag\u00e9es le cas \u00e9ch\u00e9ant, avec les prestataires et sous-traitants de Digital New Deal situ\u00e9s sur le territoire de l\u2019Union Europ\u00e9enne, aux fins de fournir le Site, notamment pour h\u00e9berger celui-ci.<\/p>\n<p>L\u2019Utilisateur, sous r\u00e9serve de justifier de son identit\u00e9 aupr\u00e8s de Digital New Deal, dispose d\u2019un droit d\u2019acc\u00e8s, de rectification, d&#8217;opposition et d\u2019effacement de ses Donn\u00e9es Personnelles d\u00e9tenues par Terra Nova, en envoyant une demande par courrier \u00e0 l\u2019adresse suivante : Digital New Deal, 5 avenue monceau, 75008 Paris, France ou par courrier \u00e9lectronique \u00e0 l\u2019adresse suivante : [contact(at)thedigitalnewdeal.org]<\/p>\n<p>L\u2019Utilisateur dispose de la possibilit\u00e9 de saisir une autorit\u00e9 de contr\u00f4le : En France : la Commission Nationale de l&#8217;Informatique et des Libert\u00e9s (<a href=\"http:\/\/www.cnil.fr\" target=\"_blank\" rel=\"noopener noreferrer\">www.cnil.fr<\/a>) ; L\u2019autorit\u00e9 de contr\u00f4le de son pays de r\u00e9sidence, s\u2019il r\u00e9side au sein de l\u2019Union Europ\u00e9enne. Une liste des autorit\u00e9s de contr\u00f4le des autres \u00c9tats membres de l\u2019Union europ\u00e9enne est disponible \u00e0 l\u2019adresse :\u00a0<a href=\"http:\/\/ec.europa.eu\/justice\/article-29\/structure\/data-protection-authorities\/index_en.htm\" target=\"_blank\" rel=\"noopener noreferrer\">http:\/\/ec.europa.eu\/justice\/article-29\/structure\/data-protection-authorities\/index_en.htm<\/a>. Digital New Deal s\u2019engage, conform\u00e9ment aux dispositions du RGPD et de la Loi Informatique et Libert\u00e9s pr\u00e9cit\u00e9es, \u00e0 ne conserver les Donn\u00e9es Personnelles collect\u00e9es que pour la dur\u00e9e strictement n\u00e9cessaire \u00e0 la mise en \u0153uvre des services disponibles sur le Site, pour l\u2019ex\u00e9cution des CGU ainsi que pour les traitements des adh\u00e9sions. Toute personne peut s&#8217;opposer \u00e0 la conservation de ses donn\u00e9es par simple demande par mail \u00e0 contact@thedigitalnewdeal.org Les donn\u00e9es personnelles sont ensuite d\u00e9truites et\u00a0effac\u00e9es.<\/p>\n<p>Digital New Deal s\u2019engage \u00e0 prendre toutes les mesures techniques, organisationnelles et structurelles appropri\u00e9es afin de pr\u00e9server la confidentialit\u00e9, la s\u00e9curit\u00e9 et l\u2019int\u00e9grit\u00e9 des Donn\u00e9es Personnelles et notamment emp\u00eacher toute destruction, perte, alt\u00e9ration, divulgation ou acc\u00e8s non-autoris\u00e9 auxdites Donn\u00e9es Personnelles, de mani\u00e8re accidentelle ou illicite.[\/vc_column_text][\/vc_column][\/vc_row]<\/p>\n<\/div>","protected":false},"excerpt":{"rendered":"<p>[vc_row][vc_column width=&#8221;1\/1&#8243;][vc_column_text] MENTIONS LEGALES Le site https:\/\/www.thedigitalnewdeal.org\/ (ci-apr\u00e8s &#8220;le Site&#8221;) est \u00e9dit\u00e9 par Digital New Deal, association loi 1901 d\u00e9clar\u00e9e [&hellip;]<\/p>\n","protected":false},"author":1,"featured_media":60610,"parent":0,"menu_order":0,"comment_status":"closed","ping_status":"closed","template":"","meta":{"_exactmetrics_skip_tracking":false,"_exactmetrics_sitenote_active":false,"_exactmetrics_sitenote_note":"","_exactmetrics_sitenote_category":0,"footnotes":""},"class_list":["post-60977","page","type-page","status-publish","has-post-thumbnail","hentry"],"yoast_head":"<!-- This site is optimized with the Yoast SEO plugin v27.3 - https:\/\/yoast.com\/product\/yoast-seo-wordpress\/ -->\n<title>Legal notice - Digital New Deal<\/title>\n<meta name=\"description\" content=\"THE DIGITAL NEW DEAL THINK-TANK, FOR AN ENLIGHTENED, HUMANISTIC AND EUROPEAN INTERNET. Olivier Sichel Pr\u00e9sident, Arno Pons d\u00e9l\u00e9gu\u00e9 g\u00e9n\u00e9ral.\" \/>\n<meta name=\"robots\" content=\"index, follow, max-snippet:-1, max-image-preview:large, max-video-preview:-1\" \/>\n<link rel=\"canonical\" href=\"https:\/\/www.thedigitalnewdeal.org\/en\/legal-notice\/\" \/>\n<meta property=\"og:locale\" content=\"en_US\" \/>\n<meta property=\"og:type\" content=\"article\" \/>\n<meta property=\"og:title\" content=\"Legal notice - Digital New Deal\" \/>\n<meta property=\"og:description\" content=\"THE DIGITAL NEW DEAL THINK-TANK, FOR AN ENLIGHTENED, HUMANISTIC AND EUROPEAN INTERNET. Olivier Sichel Pr\u00e9sident, Arno Pons d\u00e9l\u00e9gu\u00e9 g\u00e9n\u00e9ral.\" \/>\n<meta property=\"og:url\" content=\"https:\/\/www.thedigitalnewdeal.org\/en\/legal-notice\/\" \/>\n<meta property=\"og:site_name\" content=\"Digital New Deal\" \/>\n<meta property=\"og:image\" content=\"https:\/\/www.thedigitalnewdeal.org\/wp-content\/uploads\/2017\/04\/The-Digital-New-Deal-Foundation-005.jpg\" \/>\n\t<meta property=\"og:image:width\" content=\"3170\" \/>\n\t<meta property=\"og:image:height\" content=\"1783\" \/>\n\t<meta property=\"og:image:type\" content=\"image\/jpeg\" \/>\n<meta name=\"twitter:card\" content=\"summary_large_image\" \/>\n<meta name=\"twitter:site\" content=\"@Digital_NewDeal\" \/>\n<meta name=\"twitter:label1\" content=\"Est. reading time\" \/>\n\t<meta name=\"twitter:data1\" content=\"3 minutes\" \/>\n<script type=\"application\/ld+json\" class=\"yoast-schema-graph\">{\"@context\":\"https:\\\/\\\/schema.org\",\"@graph\":[{\"@type\":\"WebPage\",\"@id\":\"https:\\\/\\\/www.thedigitalnewdeal.org\\\/en\\\/legal-notice\\\/\",\"url\":\"https:\\\/\\\/www.thedigitalnewdeal.org\\\/en\\\/legal-notice\\\/\",\"name\":\"Legal notice - Digital New Deal\",\"isPartOf\":{\"@id\":\"https:\\\/\\\/www.thedigitalnewdeal.org\\\/en\\\/#website\"},\"primaryImageOfPage\":{\"@id\":\"https:\\\/\\\/www.thedigitalnewdeal.org\\\/en\\\/legal-notice\\\/#primaryimage\"},\"image\":{\"@id\":\"https:\\\/\\\/www.thedigitalnewdeal.org\\\/en\\\/legal-notice\\\/#primaryimage\"},\"thumbnailUrl\":\"https:\\\/\\\/www.thedigitalnewdeal.org\\\/wp-content\\\/uploads\\\/2017\\\/04\\\/The-Digital-New-Deal-Foundation-005.jpg\",\"datePublished\":\"2021-01-04T11:54:35+00:00\",\"description\":\"THE DIGITAL NEW DEAL THINK-TANK, FOR AN ENLIGHTENED, HUMANISTIC AND EUROPEAN INTERNET. Olivier Sichel Pr\u00e9sident, Arno Pons d\u00e9l\u00e9gu\u00e9 g\u00e9n\u00e9ral.\",\"breadcrumb\":{\"@id\":\"https:\\\/\\\/www.thedigitalnewdeal.org\\\/en\\\/legal-notice\\\/#breadcrumb\"},\"inLanguage\":\"en-US\",\"potentialAction\":[{\"@type\":\"ReadAction\",\"target\":[\"https:\\\/\\\/www.thedigitalnewdeal.org\\\/en\\\/legal-notice\\\/\"]}]},{\"@type\":\"ImageObject\",\"inLanguage\":\"en-US\",\"@id\":\"https:\\\/\\\/www.thedigitalnewdeal.org\\\/en\\\/legal-notice\\\/#primaryimage\",\"url\":\"https:\\\/\\\/www.thedigitalnewdeal.org\\\/wp-content\\\/uploads\\\/2017\\\/04\\\/The-Digital-New-Deal-Foundation-005.jpg\",\"contentUrl\":\"https:\\\/\\\/www.thedigitalnewdeal.org\\\/wp-content\\\/uploads\\\/2017\\\/04\\\/The-Digital-New-Deal-Foundation-005.jpg\",\"width\":3170,\"height\":1783,\"caption\":\"mise en avant\"},{\"@type\":\"BreadcrumbList\",\"@id\":\"https:\\\/\\\/www.thedigitalnewdeal.org\\\/en\\\/legal-notice\\\/#breadcrumb\",\"itemListElement\":[{\"@type\":\"ListItem\",\"position\":1,\"name\":\"Accueil\",\"item\":\"https:\\\/\\\/www.thedigitalnewdeal.org\\\/en\\\/\"},{\"@type\":\"ListItem\",\"position\":2,\"name\":\"Legal notice\"}]},{\"@type\":\"WebSite\",\"@id\":\"https:\\\/\\\/www.thedigitalnewdeal.org\\\/en\\\/#website\",\"url\":\"https:\\\/\\\/www.thedigitalnewdeal.org\\\/en\\\/\",\"name\":\"Digital New Deal\",\"description\":\"Accompagner les changements que la transition num\u00e9rique\",\"publisher\":{\"@id\":\"https:\\\/\\\/www.thedigitalnewdeal.org\\\/en\\\/#organization\"},\"potentialAction\":[{\"@type\":\"SearchAction\",\"target\":{\"@type\":\"EntryPoint\",\"urlTemplate\":\"https:\\\/\\\/www.thedigitalnewdeal.org\\\/en\\\/?s={search_term_string}\"},\"query-input\":{\"@type\":\"PropertyValueSpecification\",\"valueRequired\":true,\"valueName\":\"search_term_string\"}}],\"inLanguage\":\"en-US\"},{\"@type\":\"Organization\",\"@id\":\"https:\\\/\\\/www.thedigitalnewdeal.org\\\/en\\\/#organization\",\"name\":\"The Digital New Deal\",\"url\":\"https:\\\/\\\/www.thedigitalnewdeal.org\\\/en\\\/\",\"logo\":{\"@type\":\"ImageObject\",\"inLanguage\":\"en-US\",\"@id\":\"https:\\\/\\\/www.thedigitalnewdeal.org\\\/en\\\/#\\\/schema\\\/logo\\\/image\\\/\",\"url\":\"https:\\\/\\\/www.thedigitalnewdeal.org\\\/wp-content\\\/uploads\\\/2017\\\/06\\\/Logo-DigitalNewDealFoundation.svg\",\"contentUrl\":\"https:\\\/\\\/www.thedigitalnewdeal.org\\\/wp-content\\\/uploads\\\/2017\\\/06\\\/Logo-DigitalNewDealFoundation.svg\",\"width\":\"300\",\"height\":\"154\",\"caption\":\"The Digital New Deal\"},\"image\":{\"@id\":\"https:\\\/\\\/www.thedigitalnewdeal.org\\\/en\\\/#\\\/schema\\\/logo\\\/image\\\/\"},\"sameAs\":[\"https:\\\/\\\/x.com\\\/Digital_NewDeal\",\"https:\\\/\\\/www.linkedin.com\\\/company-beta\\\/11084756\\\/\"]}]}<\/script>\n<!-- \/ Yoast SEO plugin. -->","yoast_head_json":{"title":"Legal notice - Digital New Deal","description":"THE DIGITAL NEW DEAL THINK-TANK, FOR AN ENLIGHTENED, HUMANISTIC AND EUROPEAN INTERNET. Olivier Sichel Pr\u00e9sident, Arno Pons d\u00e9l\u00e9gu\u00e9 g\u00e9n\u00e9ral.","robots":{"index":"index","follow":"follow","max-snippet":"max-snippet:-1","max-image-preview":"max-image-preview:large","max-video-preview":"max-video-preview:-1"},"canonical":"https:\/\/www.thedigitalnewdeal.org\/en\/legal-notice\/","og_locale":"en_US","og_type":"article","og_title":"Legal notice - Digital New Deal","og_description":"THE DIGITAL NEW DEAL THINK-TANK, FOR AN ENLIGHTENED, HUMANISTIC AND EUROPEAN INTERNET. Olivier Sichel Pr\u00e9sident, Arno Pons d\u00e9l\u00e9gu\u00e9 g\u00e9n\u00e9ral.","og_url":"https:\/\/www.thedigitalnewdeal.org\/en\/legal-notice\/","og_site_name":"Digital New Deal","og_image":[{"width":3170,"height":1783,"url":"https:\/\/www.thedigitalnewdeal.org\/wp-content\/uploads\/2017\/04\/The-Digital-New-Deal-Foundation-005.jpg","type":"image\/jpeg"}],"twitter_card":"summary_large_image","twitter_site":"@Digital_NewDeal","twitter_misc":{"Est. reading time":"3 minutes"},"schema":{"@context":"https:\/\/schema.org","@graph":[{"@type":"WebPage","@id":"https:\/\/www.thedigitalnewdeal.org\/en\/legal-notice\/","url":"https:\/\/www.thedigitalnewdeal.org\/en\/legal-notice\/","name":"Legal notice - Digital New Deal","isPartOf":{"@id":"https:\/\/www.thedigitalnewdeal.org\/en\/#website"},"primaryImageOfPage":{"@id":"https:\/\/www.thedigitalnewdeal.org\/en\/legal-notice\/#primaryimage"},"image":{"@id":"https:\/\/www.thedigitalnewdeal.org\/en\/legal-notice\/#primaryimage"},"thumbnailUrl":"https:\/\/www.thedigitalnewdeal.org\/wp-content\/uploads\/2017\/04\/The-Digital-New-Deal-Foundation-005.jpg","datePublished":"2021-01-04T11:54:35+00:00","description":"THE DIGITAL NEW DEAL THINK-TANK, FOR AN ENLIGHTENED, HUMANISTIC AND EUROPEAN INTERNET. Olivier Sichel Pr\u00e9sident, Arno Pons d\u00e9l\u00e9gu\u00e9 g\u00e9n\u00e9ral.","breadcrumb":{"@id":"https:\/\/www.thedigitalnewdeal.org\/en\/legal-notice\/#breadcrumb"},"inLanguage":"en-US","potentialAction":[{"@type":"ReadAction","target":["https:\/\/www.thedigitalnewdeal.org\/en\/legal-notice\/"]}]},{"@type":"ImageObject","inLanguage":"en-US","@id":"https:\/\/www.thedigitalnewdeal.org\/en\/legal-notice\/#primaryimage","url":"https:\/\/www.thedigitalnewdeal.org\/wp-content\/uploads\/2017\/04\/The-Digital-New-Deal-Foundation-005.jpg","contentUrl":"https:\/\/www.thedigitalnewdeal.org\/wp-content\/uploads\/2017\/04\/The-Digital-New-Deal-Foundation-005.jpg","width":3170,"height":1783,"caption":"mise en avant"},{"@type":"BreadcrumbList","@id":"https:\/\/www.thedigitalnewdeal.org\/en\/legal-notice\/#breadcrumb","itemListElement":[{"@type":"ListItem","position":1,"name":"Accueil","item":"https:\/\/www.thedigitalnewdeal.org\/en\/"},{"@type":"ListItem","position":2,"name":"Legal notice"}]},{"@type":"WebSite","@id":"https:\/\/www.thedigitalnewdeal.org\/en\/#website","url":"https:\/\/www.thedigitalnewdeal.org\/en\/","name":"Digital New Deal","description":"Accompagner les changements que la transition num\u00e9rique","publisher":{"@id":"https:\/\/www.thedigitalnewdeal.org\/en\/#organization"},"potentialAction":[{"@type":"SearchAction","target":{"@type":"EntryPoint","urlTemplate":"https:\/\/www.thedigitalnewdeal.org\/en\/?s={search_term_string}"},"query-input":{"@type":"PropertyValueSpecification","valueRequired":true,"valueName":"search_term_string"}}],"inLanguage":"en-US"},{"@type":"Organization","@id":"https:\/\/www.thedigitalnewdeal.org\/en\/#organization","name":"The Digital New Deal","url":"https:\/\/www.thedigitalnewdeal.org\/en\/","logo":{"@type":"ImageObject","inLanguage":"en-US","@id":"https:\/\/www.thedigitalnewdeal.org\/en\/#\/schema\/logo\/image\/","url":"https:\/\/www.thedigitalnewdeal.org\/wp-content\/uploads\/2017\/06\/Logo-DigitalNewDealFoundation.svg","contentUrl":"https:\/\/www.thedigitalnewdeal.org\/wp-content\/uploads\/2017\/06\/Logo-DigitalNewDealFoundation.svg","width":"300","height":"154","caption":"The Digital New Deal"},"image":{"@id":"https:\/\/www.thedigitalnewdeal.org\/en\/#\/schema\/logo\/image\/"},"sameAs":["https:\/\/x.com\/Digital_NewDeal","https:\/\/www.linkedin.com\/company-beta\/11084756\/"]}]}},"_links":{"self":[{"href":"https:\/\/www.thedigitalnewdeal.org\/en\/wp-json\/wp\/v2\/pages\/60977","targetHints":{"allow":["GET"]}}],"collection":[{"href":"https:\/\/www.thedigitalnewdeal.org\/en\/wp-json\/wp\/v2\/pages"}],"about":[{"href":"https:\/\/www.thedigitalnewdeal.org\/en\/wp-json\/wp\/v2\/types\/page"}],"author":[{"embeddable":true,"href":"https:\/\/www.thedigitalnewdeal.org\/en\/wp-json\/wp\/v2\/users\/1"}],"replies":[{"embeddable":true,"href":"https:\/\/www.thedigitalnewdeal.org\/en\/wp-json\/wp\/v2\/comments?post=60977"}],"version-history":[{"count":2,"href":"https:\/\/www.thedigitalnewdeal.org\/en\/wp-json\/wp\/v2\/pages\/60977\/revisions"}],"predecessor-version":[{"id":61620,"href":"https:\/\/www.thedigitalnewdeal.org\/en\/wp-json\/wp\/v2\/pages\/60977\/revisions\/61620"}],"wp:featuredmedia":[{"embeddable":true,"href":"https:\/\/www.thedigitalnewdeal.org\/en\/wp-json\/wp\/v2\/media\/60610"}],"wp:attachment":[{"href":"https:\/\/www.thedigitalnewdeal.org\/en\/wp-json\/wp\/v2\/media?parent=60977"}],"curies":[{"name":"wp","href":"https:\/\/api.w.org\/{rel}","templated":true}]}}