{"id":61205,"date":"2020-10-02T12:08:31","date_gmt":"2020-10-02T10:08:31","guid":{"rendered":"https:\/\/www.thedigitalnewdeal.org\/?page_id=61205"},"modified":"2021-01-04T12:51:53","modified_gmt":"2021-01-04T11:51:53","slug":"publications-digital-new-deal-foundation-test-2","status":"publish","type":"page","link":"https:\/\/www.thedigitalnewdeal.org\/en\/publications-digital-new-deal-foundation-test-2\/","title":{"rendered":"Publications TEST"},"content":{"rendered":"<div class=\"wpb-content-wrapper\"><p>[vc_row unlock_row_content=&#8221;yes&#8221; row_height_percent=&#8221;0&#8243; override_padding=&#8221;yes&#8221; h_padding=&#8221;0&#8243; top_padding=&#8221;0&#8243; bottom_padding=&#8221;0&#8243; back_color=&#8221;color-lxmt&#8221; overlay_alpha=&#8221;90&#8243; gutter_size=&#8221;0&#8243; column_width_percent=&#8221;100&#8243; border_color=&#8221;color-gyho&#8221; border_style=&#8221;solid&#8221; shift_y=&#8221;0&#8243; z_index=&#8221;0&#8243;][vc_column column_width_percent=&#8221;100&#8243; position_horizontal=&#8221;left&#8221; gutter_size=&#8221;3&#8243; font_family=&#8221;font-168650&#8243; back_color=&#8221;color-lxmt&#8221; overlay_alpha=&#8221;50&#8243; shift_x=&#8221;0&#8243; shift_y=&#8221;0&#8243; shift_y_fixed=&#8221;yes&#8221; shift_y_down=&#8221;0&#8243; z_index=&#8221;0&#8243; medium_width=&#8221;0&#8243; mobile_width=&#8221;0&#8243; width=&#8221;2\/3&#8243;][vc_custom_heading]<\/p>\n<h2 style=\"text-align: center;\">RAPPORTS D&#8217;ETUDES<\/h2>\n<p>[\/vc_custom_heading][uncode_index el_id=&#8221;index-1&#8243; loop=&#8221;size:All|order_by:date|order:DESC|post_type:post|categories:1&#8243; infinite=&#8221;yes&#8221; infinite_button=&#8221;yes&#8221; infinite_button_outline=&#8221;yes&#8221; infinite_button_shape=&#8221;btn-circle&#8221; infinite_button_color=&#8221;accent&#8221; gutter_size=&#8221;2&#8243; post_items=&#8221;title,sep-one|full,spacer|half,text|full|150&#8243; screen_lg=&#8221;1200&#8243; screen_md=&#8221;1000&#8243; screen_sm=&#8221;480&#8243; single_back_color=&#8221;color-xsdn&#8221; single_overlay_opacity=&#8221;90&#8243; single_image_color_anim=&#8221;yes&#8221; single_h_align_mobile=&#8221;center&#8221; single_padding=&#8221;2&#8243; single_title_family=&#8221;font-168650&#8243; single_title_dimension=&#8221;h3&#8243; single_title_weight=&#8221;400&#8243; single_title_transform=&#8221;uppercase&#8221; single_title_space=&#8221;fontspace-781688&#8243; single_shadow=&#8221;yes&#8221; single_border=&#8221;yes&#8221; order_ids=&#8221;20528,20518,20520,4193,4237,4225,4229,4629,4254,4252,4247,4245,4243,4241,4239,4262,4231,4233&#8243; items=&#8221;eyI1NzM2M19pIjp7InNpbmdsZV9saW5rIjoidXJsOmh0dHAlM0ElMkYlMkZ3d3cudGhlZGlnaXRhbG5ld2RlYWwuZXUlMkZ3cC1jb250ZW50JTJGdXBsb2FkcyUyRjIwMTclMkYwNiUyRml0dy1vbGl2aWVyLXNpY2hlbC11c2luZS1ub3V2ZWxsZS5wZGZ8dGl0bGU6aXR3LW9saXZpZXItc2ljaGVsLXVzaW5lLW5vdXZlbGxlLnBkZnx0YXJnZXQ6JTIwX2JsYW5rfCJ9LCI1NzM0OF9pIjp7InNpbmdsZV9saW5rIjoidXJsOmh0dHAlM0ElMkYlMkZ3d3cudGhlZGlnaXRhbG5ld2RlYWwuZXUlMkZ3cC1jb250ZW50JTJGdXBsb2FkcyUyRjIwMTclMkYwNiUyRmRvc3NpZXItdXNpbmVub3V2ZWxsZS1wb3VyLXVuLXF1aXF1ZW5uYXQtZGlnaXRhbC5wZGZ8dGl0bGU6ZG9zc2llci11c2luZW5vdXZlbGxlLXBvdXItdW4tcXVpcXVlbm5hdC1kaWdpdGFsLnBkZnx8In0sIjU3MzY3X2kiOnsic2luZ2xlX2xpbmsiOiJ1cmw6aHR0cHMlM0ElMkYlMkZ3d3cuZnJhbmNlY3VsdHVyZS5mciUyRmVtaXNzaW9ucyUyRnNvZnQtcG93ZXIlMkZ0cmF2YWlsLWV0LW51bWVyaXF1ZS1sYS1wbHVwYXJ0LWRlcy1tZXRpZXJzLWRlLWRlbWFpbi1uZXhpc3RlbnQtcGFzLWVuY29yZXx0aXRsZTp3d3cuZnJhbmNlY3VsdHVyZS5mcnx0YXJnZXQ6JTIwX2JsYW5rfCIsInNpbmdsZV9pY29uIjoiIn0sIjU3Mzc2X2kiOnsic2luZ2xlX2xpbmsiOiJ1cmw6aHR0cHMlM0ElMkYlMkZ3d3cubWFkZHluZXNzLmNvbSUyRmlubm92YXRpb24lMkYyMDE3JTJGMDIlMkYyNyUyRnByZXNpZGVudGllbGxlLTIwMTctZGlnaXRhbC1uZXctZGVhbC1mb3VuZGF0aW9uJTJGfHRpdGxlOm1hZGR5bmVzcy5jb218dGFyZ2V0OiUyMF9ibGFua3wifSwiNTczODNfaSI6eyJzaW5nbGVfbGluayI6InVybDpodHRwcyUzQSUyRiUyRnd3dy5jaGFsbGVuZ2VzLmZyJTJGbWVkaWElMkZkaWdpdGFsJTJGcHJlc2lkZW50aWVsbGUtMjAxNy1sZXMtY2FuZGlkYXRzLWludGVycGVsbGVzLXN1ci1sLWF2ZW5pci1kdS1udW1lcmlxdWVfNDU2NjM2fHRpdGxlOmNoYWxsZW5nZXMuZnJ8dGFyZ2V0OiUyMF9ibGFua3wifSwiNTczODlfaSI6eyJzaW5nbGVfbGluayI6InVybDpodHRwcyUzQSUyRiUyRnd3dy5uZXh0aW5wYWN0LmNvbSUyRm5ld3MlMkYxMDMzODQtcHJlc2lkZW50aWVsbGUtZm9uZGF0aW9uLXByb3Bvc2UtcGFjdGUtbnVtZXJpcXVlLXBvdXItcGVzZXItZGFucy1lbGVjdGlvbi5odG18dGl0bGU6bmV4dGlucGFjdC5jb218dGFyZ2V0OiUyMF9ibGFua3wifSwiNTg2NzJfaSI6eyJzaW5nbGVfbGluayI6InVybDpodHRwJTNBJTJGJTJGd3d3LmxpbmZvcm1hdGljaWVuLmNvbSUyRmFjdHVhbGl0ZXMlMkZpZCUyRjQzMjAxJTJGcHJlc2lkZW50aWVsbGUtdW5lLWZvbmRhdGlvbi1wcm9wb3NlLXVuLXBhY3RlLW51bWVyaXF1ZS1hdXgtY2FuZGlkYXRzLmFzcHh8dGl0bGU6bGluZm9ybWF0aWNpZW4uY29tfHRhcmdldDolMjBfYmxhbmt8In0sIjU4Njc4X2kiOnsic2luZ2xlX2xpbmsiOiJ1cmw6aHR0cCUzQSUyRiUyRnd3dy5ldXJvcGUxLmZyJTJGZW1pc3Npb25zJTJGZXVyb3BlLTEtbWlkaTIlMkZldXJvcGUtbWlkaS1tYXhpbWUtc3dpdGVrLTIxMDIxNy0yOTg0MDgxfHRpdGxlOmV1cm9wZTEuZnJ8dGFyZ2V0OiUyMF9ibGFua3wifX0=&#8221;][\/vc_column][vc_column column_width_percent=&#8221;100&#8243; gutter_size=&#8221;3&#8243; back_color=&#8221;color-lxmt&#8221; overlay_alpha=&#8221;50&#8243; shift_x=&#8221;0&#8243; shift_y=&#8221;0&#8243; shift_y_down=&#8221;0&#8243; z_index=&#8221;0&#8243; medium_width=&#8221;0&#8243; mobile_width=&#8221;0&#8243; width=&#8221;1\/3&#8243;][vc_custom_heading text_color=&#8221;accent&#8221;]<\/p>\n<h2 style=\"text-align: center;\">\u00c9DITO<\/h2>\n<p>[\/vc_custom_heading][uncode_index el_id=&#8221;index-1&#8243; isotope_mode=&#8221;vertical&#8221; loop=&#8221;size:All|order_by:date|order:DESC|post_type:post|categories:86&#8243; infinite=&#8221;yes&#8221; infinite_button=&#8221;yes&#8221; infinite_button_outline=&#8221;yes&#8221; infinite_button_shape=&#8221;btn-circle&#8221; infinite_button_color=&#8221;accent&#8221; gutter_size=&#8221;2&#8243; post_items=&#8221;date,title,text|excerpt,link|link|small_size|outline,sep-one|full&#8221; screen_lg=&#8221;1200&#8243; screen_md=&#8221;1000&#8243; screen_sm=&#8221;480&#8243; single_width=&#8221;12&#8243; single_overlay_opacity=&#8221;90&#8243; single_image_color_anim=&#8221;yes&#8221; single_h_align_mobile=&#8221;center&#8221; single_padding=&#8221;2&#8243; single_title_semantic=&#8221;h4&#8243; single_title_family=&#8221;font-168650&#8243; single_title_dimension=&#8221;h4&#8243; single_title_weight=&#8221;400&#8243; single_title_transform=&#8221;uppercase&#8221; single_title_space=&#8221;fontspace-781688&#8243; single_border=&#8221;yes&#8221; order_ids=&#8221;20528,20518,20520,4193,4237,4225,4229,4629,4254,4252,4247,4245,4243,4241,4239,4262,4231,4233&#8243; items=&#8221;eyI1NzM2M19pIjp7InNpbmdsZV9saW5rIjoidXJsOmh0dHAlM0ElMkYlMkZ3d3cudGhlZGlnaXRhbG5ld2RlYWwuZXUlMkZ3cC1jb250ZW50JTJGdXBsb2FkcyUyRjIwMTclMkYwNiUyRml0dy1vbGl2aWVyLXNpY2hlbC11c2luZS1ub3V2ZWxsZS5wZGZ8dGl0bGU6aXR3LW9saXZpZXItc2ljaGVsLXVzaW5lLW5vdXZlbGxlLnBkZnx0YXJnZXQ6JTIwX2JsYW5rfCJ9LCI1NzM0OF9pIjp7InNpbmdsZV9saW5rIjoidXJsOmh0dHAlM0ElMkYlMkZ3d3cudGhlZGlnaXRhbG5ld2RlYWwuZXUlMkZ3cC1jb250ZW50JTJGdXBsb2FkcyUyRjIwMTclMkYwNiUyRmRvc3NpZXItdXNpbmVub3V2ZWxsZS1wb3VyLXVuLXF1aXF1ZW5uYXQtZGlnaXRhbC5wZGZ8dGl0bGU6ZG9zc2llci11c2luZW5vdXZlbGxlLXBvdXItdW4tcXVpcXVlbm5hdC1kaWdpdGFsLnBkZnx8In0sIjU3MzY3X2kiOnsic2luZ2xlX2xpbmsiOiJ1cmw6aHR0cHMlM0ElMkYlMkZ3d3cuZnJhbmNlY3VsdHVyZS5mciUyRmVtaXNzaW9ucyUyRnNvZnQtcG93ZXIlMkZ0cmF2YWlsLWV0LW51bWVyaXF1ZS1sYS1wbHVwYXJ0LWRlcy1tZXRpZXJzLWRlLWRlbWFpbi1uZXhpc3RlbnQtcGFzLWVuY29yZXx0aXRsZTp3d3cuZnJhbmNlY3VsdHVyZS5mcnx0YXJnZXQ6JTIwX2JsYW5rfCIsInNpbmdsZV9pY29uIjoiIn0sIjU3Mzc2X2kiOnsic2luZ2xlX2xpbmsiOiJ1cmw6aHR0cHMlM0ElMkYlMkZ3d3cubWFkZHluZXNzLmNvbSUyRmlubm92YXRpb24lMkYyMDE3JTJGMDIlMkYyNyUyRnByZXNpZGVudGllbGxlLTIwMTctZGlnaXRhbC1uZXctZGVhbC1mb3VuZGF0aW9uJTJGfHRpdGxlOm1hZGR5bmVzcy5jb218dGFyZ2V0OiUyMF9ibGFua3wifSwiNTczODNfaSI6eyJzaW5nbGVfbGluayI6InVybDpodHRwcyUzQSUyRiUyRnd3dy5jaGFsbGVuZ2VzLmZyJTJGbWVkaWElMkZkaWdpdGFsJTJGcHJlc2lkZW50aWVsbGUtMjAxNy1sZXMtY2FuZGlkYXRzLWludGVycGVsbGVzLXN1ci1sLWF2ZW5pci1kdS1udW1lcmlxdWVfNDU2NjM2fHRpdGxlOmNoYWxsZW5nZXMuZnJ8dGFyZ2V0OiUyMF9ibGFua3wifSwiNTczODlfaSI6eyJzaW5nbGVfbGluayI6InVybDpodHRwcyUzQSUyRiUyRnd3dy5uZXh0aW5wYWN0LmNvbSUyRm5ld3MlMkYxMDMzODQtcHJlc2lkZW50aWVsbGUtZm9uZGF0aW9uLXByb3Bvc2UtcGFjdGUtbnVtZXJpcXVlLXBvdXItcGVzZXItZGFucy1lbGVjdGlvbi5odG18dGl0bGU6bmV4dGlucGFjdC5jb218dGFyZ2V0OiUyMF9ibGFua3wifSwiNTg2NzJfaSI6eyJzaW5nbGVfbGluayI6InVybDpodHRwJTNBJTJGJTJGd3d3LmxpbmZvcm1hdGljaWVuLmNvbSUyRmFjdHVhbGl0ZXMlMkZpZCUyRjQzMjAxJTJGcHJlc2lkZW50aWVsbGUtdW5lLWZvbmRhdGlvbi1wcm9wb3NlLXVuLXBhY3RlLW51bWVyaXF1ZS1hdXgtY2FuZGlkYXRzLmFzcHh8dGl0bGU6bGluZm9ybWF0aWNpZW4uY29tfHRhcmdldDolMjBfYmxhbmt8In0sIjU4Njc4X2kiOnsic2luZ2xlX2xpbmsiOiJ1cmw6aHR0cCUzQSUyRiUyRnd3dy5ldXJvcGUxLmZyJTJGZW1pc3Npb25zJTJGZXVyb3BlLTEtbWlkaTIlMkZldXJvcGUtbWlkaS1tYXhpbWUtc3dpdGVrLTIxMDIxNy0yOTg0MDgxfHRpdGxlOmV1cm9wZTEuZnJ8dGFyZ2V0OiUyMF9ibGFua3wifX0=&#8221;][\/vc_column][\/vc_row][vc_row row_height_percent=&#8221;0&#8243; overlay_alpha=&#8221;50&#8243; gutter_size=&#8221;3&#8243; shift_y=&#8221;0&#8243; desktop_visibility=&#8221;yes&#8221; medium_visibility=&#8221;yes&#8221; mobile_visibility=&#8221;yes&#8221;][vc_column width=&#8221;1\/1&#8243;][vc_column_text]ajpouter les liens pdf[\/vc_column_text][\/vc_column][\/vc_row]<\/p>\n<\/div>","protected":false},"excerpt":{"rendered":"<p>[vc_row unlock_row_content=&#8221;yes&#8221; row_height_percent=&#8221;0&#8243; override_padding=&#8221;yes&#8221; h_padding=&#8221;0&#8243; top_padding=&#8221;0&#8243; bottom_padding=&#8221;0&#8243; back_color=&#8221;color-lxmt&#8221; overlay_alpha=&#8221;90&#8243; gutter_size=&#8221;0&#8243; column_width_percent=&#8221;100&#8243; border_color=&#8221;color-gyho&#8221; border_style=&#8221;solid&#8221; shift_y=&#8221;0&#8243; z_index=&#8221;0&#8243;][vc_column column_width_percent=&#8221;100&#8243; position_horizontal=&#8221;left&#8221; gutter_size=&#8221;3&#8243; font_family=&#8221;font-168650&#8243; back_color=&#8221;color-lxmt&#8221; [&hellip;]<\/p>\n","protected":false},"author":1,"featured_media":57342,"parent":0,"menu_order":0,"comment_status":"closed","ping_status":"closed","template":"","meta":{"_exactmetrics_skip_tracking":false,"_exactmetrics_sitenote_active":false,"_exactmetrics_sitenote_note":"","_exactmetrics_sitenote_category":0,"footnotes":""},"class_list":["post-61205","page","type-page","status-publish","has-post-thumbnail","hentry"],"yoast_head":"<!-- This site is optimized with the Yoast SEO plugin v27.4 - https:\/\/yoast.com\/product\/yoast-seo-wordpress\/ -->\n<title>Publications TEST - Digital New Deal<\/title>\n<meta name=\"description\" content=\"Le Think-Tank Digital New Deal est le think tank de la nouvelle donne num\u00e9rique pour un internet europ\u00e9en et humaniste. Olivier Sichel Pr\u00e9sident, Arno Pons d\u00e9l\u00e9gu\u00e9 g\u00e9n\u00e9ral.\" \/>\n<meta name=\"robots\" content=\"index, follow, max-snippet:-1, max-image-preview:large, max-video-preview:-1\" \/>\n<link rel=\"canonical\" href=\"https:\/\/www.thedigitalnewdeal.org\/en\/publications-digital-new-deal-foundation-test-2\/\" \/>\n<meta property=\"og:locale\" content=\"en_US\" \/>\n<meta property=\"og:type\" content=\"article\" \/>\n<meta property=\"og:title\" content=\"Publications TEST - Digital New Deal\" \/>\n<meta property=\"og:description\" content=\"Le Think-Tank Digital New Deal est le think tank de la nouvelle donne num\u00e9rique pour un internet europ\u00e9en et humaniste. Olivier Sichel Pr\u00e9sident, Arno Pons d\u00e9l\u00e9gu\u00e9 g\u00e9n\u00e9ral.\" \/>\n<meta property=\"og:url\" content=\"https:\/\/www.thedigitalnewdeal.org\/en\/publications-digital-new-deal-foundation-test-2\/\" \/>\n<meta property=\"og:site_name\" content=\"Digital New Deal\" \/>\n<meta property=\"article:modified_time\" content=\"2021-01-04T11:51:53+00:00\" \/>\n<meta property=\"og:image\" content=\"https:\/\/www.thedigitalnewdeal.org\/wp-content\/uploads\/2017\/04\/The-Digital-New-Deal-Foundation-005.jpg\" \/>\n\t<meta property=\"og:image:width\" content=\"3170\" \/>\n\t<meta property=\"og:image:height\" content=\"1783\" \/>\n\t<meta property=\"og:image:type\" content=\"image\/jpeg\" \/>\n<meta name=\"twitter:card\" content=\"summary_large_image\" \/>\n<meta name=\"twitter:site\" content=\"@Digital_NewDeal\" \/>\n<meta name=\"twitter:label1\" content=\"Est. reading time\" \/>\n\t<meta name=\"twitter:data1\" content=\"4 minutes\" \/>\n<script type=\"application\/ld+json\" class=\"yoast-schema-graph\">{\"@context\":\"https:\\\/\\\/schema.org\",\"@graph\":[{\"@type\":\"WebPage\",\"@id\":\"https:\\\/\\\/www.thedigitalnewdeal.org\\\/en\\\/publications-digital-new-deal-foundation-test-2\\\/\",\"url\":\"https:\\\/\\\/www.thedigitalnewdeal.org\\\/en\\\/publications-digital-new-deal-foundation-test-2\\\/\",\"name\":\"Publications TEST - Digital New Deal\",\"isPartOf\":{\"@id\":\"https:\\\/\\\/www.thedigitalnewdeal.org\\\/en\\\/#website\"},\"primaryImageOfPage\":{\"@id\":\"https:\\\/\\\/www.thedigitalnewdeal.org\\\/en\\\/publications-digital-new-deal-foundation-test-2\\\/#primaryimage\"},\"image\":{\"@id\":\"https:\\\/\\\/www.thedigitalnewdeal.org\\\/en\\\/publications-digital-new-deal-foundation-test-2\\\/#primaryimage\"},\"thumbnailUrl\":\"https:\\\/\\\/www.thedigitalnewdeal.org\\\/wp-content\\\/uploads\\\/2017\\\/04\\\/The-Digital-New-Deal-Foundation-005.jpg\",\"datePublished\":\"2020-10-02T10:08:31+00:00\",\"dateModified\":\"2021-01-04T11:51:53+00:00\",\"description\":\"Le Think-Tank Digital New Deal est le think tank de la nouvelle donne num\u00e9rique pour un internet europ\u00e9en et humaniste. Olivier Sichel Pr\u00e9sident, Arno Pons d\u00e9l\u00e9gu\u00e9 g\u00e9n\u00e9ral.\",\"breadcrumb\":{\"@id\":\"https:\\\/\\\/www.thedigitalnewdeal.org\\\/en\\\/publications-digital-new-deal-foundation-test-2\\\/#breadcrumb\"},\"inLanguage\":\"en-US\",\"potentialAction\":[{\"@type\":\"ReadAction\",\"target\":[\"https:\\\/\\\/www.thedigitalnewdeal.org\\\/en\\\/publications-digital-new-deal-foundation-test-2\\\/\"]}]},{\"@type\":\"ImageObject\",\"inLanguage\":\"en-US\",\"@id\":\"https:\\\/\\\/www.thedigitalnewdeal.org\\\/en\\\/publications-digital-new-deal-foundation-test-2\\\/#primaryimage\",\"url\":\"https:\\\/\\\/www.thedigitalnewdeal.org\\\/wp-content\\\/uploads\\\/2017\\\/04\\\/The-Digital-New-Deal-Foundation-005.jpg\",\"contentUrl\":\"https:\\\/\\\/www.thedigitalnewdeal.org\\\/wp-content\\\/uploads\\\/2017\\\/04\\\/The-Digital-New-Deal-Foundation-005.jpg\",\"width\":3170,\"height\":1783,\"caption\":\"mise en avant\"},{\"@type\":\"BreadcrumbList\",\"@id\":\"https:\\\/\\\/www.thedigitalnewdeal.org\\\/en\\\/publications-digital-new-deal-foundation-test-2\\\/#breadcrumb\",\"itemListElement\":[{\"@type\":\"ListItem\",\"position\":1,\"name\":\"Accueil\",\"item\":\"https:\\\/\\\/www.thedigitalnewdeal.org\\\/en\\\/\"},{\"@type\":\"ListItem\",\"position\":2,\"name\":\"Publications TEST\"}]},{\"@type\":\"WebSite\",\"@id\":\"https:\\\/\\\/www.thedigitalnewdeal.org\\\/en\\\/#website\",\"url\":\"https:\\\/\\\/www.thedigitalnewdeal.org\\\/en\\\/\",\"name\":\"Digital New Deal\",\"description\":\"Accompagner les changements que la transition num\u00e9rique\",\"publisher\":{\"@id\":\"https:\\\/\\\/www.thedigitalnewdeal.org\\\/en\\\/#organization\"},\"potentialAction\":[{\"@type\":\"SearchAction\",\"target\":{\"@type\":\"EntryPoint\",\"urlTemplate\":\"https:\\\/\\\/www.thedigitalnewdeal.org\\\/en\\\/?s={search_term_string}\"},\"query-input\":{\"@type\":\"PropertyValueSpecification\",\"valueRequired\":true,\"valueName\":\"search_term_string\"}}],\"inLanguage\":\"en-US\"},{\"@type\":\"Organization\",\"@id\":\"https:\\\/\\\/www.thedigitalnewdeal.org\\\/en\\\/#organization\",\"name\":\"The Digital New Deal\",\"url\":\"https:\\\/\\\/www.thedigitalnewdeal.org\\\/en\\\/\",\"logo\":{\"@type\":\"ImageObject\",\"inLanguage\":\"en-US\",\"@id\":\"https:\\\/\\\/www.thedigitalnewdeal.org\\\/en\\\/#\\\/schema\\\/logo\\\/image\\\/\",\"url\":\"https:\\\/\\\/www.thedigitalnewdeal.org\\\/wp-content\\\/uploads\\\/2017\\\/06\\\/Logo-DigitalNewDealFoundation.svg\",\"contentUrl\":\"https:\\\/\\\/www.thedigitalnewdeal.org\\\/wp-content\\\/uploads\\\/2017\\\/06\\\/Logo-DigitalNewDealFoundation.svg\",\"width\":\"300\",\"height\":\"154\",\"caption\":\"The Digital New Deal\"},\"image\":{\"@id\":\"https:\\\/\\\/www.thedigitalnewdeal.org\\\/en\\\/#\\\/schema\\\/logo\\\/image\\\/\"},\"sameAs\":[\"https:\\\/\\\/x.com\\\/Digital_NewDeal\",\"https:\\\/\\\/www.linkedin.com\\\/company-beta\\\/11084756\\\/\"]}]}<\/script>\n<!-- \/ Yoast SEO plugin. -->","yoast_head_json":{"title":"Publications TEST - Digital New Deal","description":"Le Think-Tank Digital New Deal est le think tank de la nouvelle donne num\u00e9rique pour un internet europ\u00e9en et humaniste. Olivier Sichel Pr\u00e9sident, Arno Pons d\u00e9l\u00e9gu\u00e9 g\u00e9n\u00e9ral.","robots":{"index":"index","follow":"follow","max-snippet":"max-snippet:-1","max-image-preview":"max-image-preview:large","max-video-preview":"max-video-preview:-1"},"canonical":"https:\/\/www.thedigitalnewdeal.org\/en\/publications-digital-new-deal-foundation-test-2\/","og_locale":"en_US","og_type":"article","og_title":"Publications TEST - Digital New Deal","og_description":"Le Think-Tank Digital New Deal est le think tank de la nouvelle donne num\u00e9rique pour un internet europ\u00e9en et humaniste. Olivier Sichel Pr\u00e9sident, Arno Pons d\u00e9l\u00e9gu\u00e9 g\u00e9n\u00e9ral.","og_url":"https:\/\/www.thedigitalnewdeal.org\/en\/publications-digital-new-deal-foundation-test-2\/","og_site_name":"Digital New Deal","article_modified_time":"2021-01-04T11:51:53+00:00","og_image":[{"width":3170,"height":1783,"url":"https:\/\/www.thedigitalnewdeal.org\/wp-content\/uploads\/2017\/04\/The-Digital-New-Deal-Foundation-005.jpg","type":"image\/jpeg"}],"twitter_card":"summary_large_image","twitter_site":"@Digital_NewDeal","twitter_misc":{"Est. reading time":"4 minutes"},"schema":{"@context":"https:\/\/schema.org","@graph":[{"@type":"WebPage","@id":"https:\/\/www.thedigitalnewdeal.org\/en\/publications-digital-new-deal-foundation-test-2\/","url":"https:\/\/www.thedigitalnewdeal.org\/en\/publications-digital-new-deal-foundation-test-2\/","name":"Publications TEST - Digital New Deal","isPartOf":{"@id":"https:\/\/www.thedigitalnewdeal.org\/en\/#website"},"primaryImageOfPage":{"@id":"https:\/\/www.thedigitalnewdeal.org\/en\/publications-digital-new-deal-foundation-test-2\/#primaryimage"},"image":{"@id":"https:\/\/www.thedigitalnewdeal.org\/en\/publications-digital-new-deal-foundation-test-2\/#primaryimage"},"thumbnailUrl":"https:\/\/www.thedigitalnewdeal.org\/wp-content\/uploads\/2017\/04\/The-Digital-New-Deal-Foundation-005.jpg","datePublished":"2020-10-02T10:08:31+00:00","dateModified":"2021-01-04T11:51:53+00:00","description":"Le Think-Tank Digital New Deal est le think tank de la nouvelle donne num\u00e9rique pour un internet europ\u00e9en et humaniste. Olivier Sichel Pr\u00e9sident, Arno Pons d\u00e9l\u00e9gu\u00e9 g\u00e9n\u00e9ral.","breadcrumb":{"@id":"https:\/\/www.thedigitalnewdeal.org\/en\/publications-digital-new-deal-foundation-test-2\/#breadcrumb"},"inLanguage":"en-US","potentialAction":[{"@type":"ReadAction","target":["https:\/\/www.thedigitalnewdeal.org\/en\/publications-digital-new-deal-foundation-test-2\/"]}]},{"@type":"ImageObject","inLanguage":"en-US","@id":"https:\/\/www.thedigitalnewdeal.org\/en\/publications-digital-new-deal-foundation-test-2\/#primaryimage","url":"https:\/\/www.thedigitalnewdeal.org\/wp-content\/uploads\/2017\/04\/The-Digital-New-Deal-Foundation-005.jpg","contentUrl":"https:\/\/www.thedigitalnewdeal.org\/wp-content\/uploads\/2017\/04\/The-Digital-New-Deal-Foundation-005.jpg","width":3170,"height":1783,"caption":"mise en avant"},{"@type":"BreadcrumbList","@id":"https:\/\/www.thedigitalnewdeal.org\/en\/publications-digital-new-deal-foundation-test-2\/#breadcrumb","itemListElement":[{"@type":"ListItem","position":1,"name":"Accueil","item":"https:\/\/www.thedigitalnewdeal.org\/en\/"},{"@type":"ListItem","position":2,"name":"Publications TEST"}]},{"@type":"WebSite","@id":"https:\/\/www.thedigitalnewdeal.org\/en\/#website","url":"https:\/\/www.thedigitalnewdeal.org\/en\/","name":"Digital New Deal","description":"Accompagner les changements que la transition num\u00e9rique","publisher":{"@id":"https:\/\/www.thedigitalnewdeal.org\/en\/#organization"},"potentialAction":[{"@type":"SearchAction","target":{"@type":"EntryPoint","urlTemplate":"https:\/\/www.thedigitalnewdeal.org\/en\/?s={search_term_string}"},"query-input":{"@type":"PropertyValueSpecification","valueRequired":true,"valueName":"search_term_string"}}],"inLanguage":"en-US"},{"@type":"Organization","@id":"https:\/\/www.thedigitalnewdeal.org\/en\/#organization","name":"The Digital New Deal","url":"https:\/\/www.thedigitalnewdeal.org\/en\/","logo":{"@type":"ImageObject","inLanguage":"en-US","@id":"https:\/\/www.thedigitalnewdeal.org\/en\/#\/schema\/logo\/image\/","url":"https:\/\/www.thedigitalnewdeal.org\/wp-content\/uploads\/2017\/06\/Logo-DigitalNewDealFoundation.svg","contentUrl":"https:\/\/www.thedigitalnewdeal.org\/wp-content\/uploads\/2017\/06\/Logo-DigitalNewDealFoundation.svg","width":"300","height":"154","caption":"The Digital New Deal"},"image":{"@id":"https:\/\/www.thedigitalnewdeal.org\/en\/#\/schema\/logo\/image\/"},"sameAs":["https:\/\/x.com\/Digital_NewDeal","https:\/\/www.linkedin.com\/company-beta\/11084756\/"]}]}},"_links":{"self":[{"href":"https:\/\/www.thedigitalnewdeal.org\/en\/wp-json\/wp\/v2\/pages\/61205","targetHints":{"allow":["GET"]}}],"collection":[{"href":"https:\/\/www.thedigitalnewdeal.org\/en\/wp-json\/wp\/v2\/pages"}],"about":[{"href":"https:\/\/www.thedigitalnewdeal.org\/en\/wp-json\/wp\/v2\/types\/page"}],"author":[{"embeddable":true,"href":"https:\/\/www.thedigitalnewdeal.org\/en\/wp-json\/wp\/v2\/users\/1"}],"replies":[{"embeddable":true,"href":"https:\/\/www.thedigitalnewdeal.org\/en\/wp-json\/wp\/v2\/comments?post=61205"}],"version-history":[{"count":11,"href":"https:\/\/www.thedigitalnewdeal.org\/en\/wp-json\/wp\/v2\/pages\/61205\/revisions"}],"predecessor-version":[{"id":61612,"href":"https:\/\/www.thedigitalnewdeal.org\/en\/wp-json\/wp\/v2\/pages\/61205\/revisions\/61612"}],"wp:featuredmedia":[{"embeddable":true,"href":"https:\/\/www.thedigitalnewdeal.org\/en\/wp-json\/wp\/v2\/media\/57342"}],"wp:attachment":[{"href":"https:\/\/www.thedigitalnewdeal.org\/en\/wp-json\/wp\/v2\/media?parent=61205"}],"curies":[{"name":"wp","href":"https:\/\/api.w.org\/{rel}","templated":true}]}}